{"id":38223,"date":"2025-02-11T08:03:19","date_gmt":"2025-02-11T08:03:19","guid":{"rendered":"https:\/\/lapastisseriabarcelona.com\/?page_id=38223"},"modified":"2025-02-12T07:35:22","modified_gmt":"2025-02-12T07:35:22","slug":"condiciones-de-uso","status":"publish","type":"page","link":"https:\/\/lapastisseriabarcelona.com\/es\/condiciones-de-uso\/","title":{"rendered":"Condiciones de Uso"},"content":{"rendered":"\t\t<div data-elementor-type=\"wp-page\" data-elementor-id=\"38223\" class=\"elementor elementor-38223\" data-elementor-post-type=\"page\">\n\t\t\t\t\t\t<section class=\"elementor-section elementor-top-section elementor-element elementor-element-2b1184b0 elementor-section-boxed elementor-section-height-default elementor-section-height-default sc_fly_static\" data-id=\"2b1184b0\" data-element_type=\"section\" data-settings=\"{&quot;background_background&quot;:&quot;classic&quot;}\">\n\t\t\t\t\t\t<div class=\"elementor-container elementor-column-gap-extended\">\n\t\t\t\t\t<div class=\"elementor-column elementor-col-100 elementor-top-column elementor-element elementor-element-153e1c19 sc_inner_width_none sc_content_align_inherit sc_layouts_column_icons_position_left sc_fly_static\" data-id=\"153e1c19\" data-element_type=\"column\">\n\t\t\t<div class=\"elementor-widget-wrap elementor-element-populated\">\n\t\t\t\t\t\t<div class=\"elementor-element elementor-element-54db29de sc_fly_static elementor-widget elementor-widget-text-editor\" data-id=\"54db29de\" data-element_type=\"widget\" data-widget_type=\"text-editor.default\">\n\t\t\t\t<div class=\"elementor-widget-container\">\n\t\t\t\t\t\t\t<h1>T\u00e9rminos y Condiciones de Uso Web<\/h1><p>Los presentes t\u00e9rminos y condiciones de uso y pol\u00edtica de privacidad regulan el uso de conformidad con la ley 34\/2002, de 11 de julio, de Servicios de la Sociedad de la Informaci\u00f3n y de Comercio Electr\u00f3nico, con la actualizaci\u00f3n del 09\/05\/2023, del Sitio Web: <a href=\"https:\/\/lapastisseriabarcelona.com\" target=\"_new\" rel=\"noopener\">https:\/\/lapastisseriabarcelona.com<\/a>, del cual GUEROLA PASTISSER, S.L, con NIF: B-65653750, y domicilio en: ARAG\u00d3, 228. C\u00f3digo Postal: 08007, Localidad: BARCELONA, Provincia: BARCELONA, es titular.<\/p><ol><li><strong>INFORMACI\u00d3N SOBRE LA P\u00c1GINA WEB:<\/strong> El Sitio Web, <a href=\"https:\/\/lapastisseriabarcelona.com\" target=\"_new\" rel=\"noopener\">https:\/\/lapastisseriabarcelona.com<\/a>, del cual es titular GUEROLA PASTISSER, S.L, administra el sitio web y la comercializaci\u00f3n de productos de pasteler\u00eda.<\/li><\/ol><p>1.1. <strong>PUBLICIDAD EN LA WEB:<\/strong> El Web: <a href=\"https:\/\/lapastisseriabarcelona.com\" target=\"_new\" rel=\"noopener\">https:\/\/lapastisseriabarcelona.com<\/a>, podr\u00e1 albergar contenidos publicitarios o patrocinados. Los anunciantes o patrocinadores son los \u00fanicos responsables de asegurarse de que el material enviado para incluirlo en la Web cumpla con las leyes que puedan ser de aplicaci\u00f3n en cada caso. GUEROLA PASTISSER, S.L no ser\u00e1 responsable de cualquier error, inexactitud o irregularidad que puedan contener los contenidos publicitarios o de los patrocinadores.<\/p><ol start=\"2\"><li><p><strong>DISPONIBILIDAD DE LA P\u00c1GINA WEB:<\/strong> El administrador del sitio web har\u00e1 todo lo posible para resolver todas las dudas y gestiones solicitadas por todos sus usuarios en el menor tiempo posible.<br \/>Sin embargo, en ocasiones y por causas dif\u00edcilmente controlables por el administrador del sitio, como errores humanos o incidencias en los sistemas inform\u00e1ticos, es posible que la rapidez ofrecida finalmente a los usuarios difiera de la rapidez inicialmente ofrecida por el administrador del sitio en satisfacer las ventas de los usuarios.<br \/>En caso de que la gesti\u00f3n no est\u00e9 disponible o no se pueda finalizar, despu\u00e9s de haber realizado el pedido, el usuario ser\u00e1 informado por correo electr\u00f3nico de la anulaci\u00f3n total del mismo.<\/p><\/li><li><p><strong>SEGURIDAD WEB:<\/strong> El administrador de la p\u00e1gina web, <a href=\"https:\/\/lapastisseriabarcelona.com\" target=\"_new\" rel=\"noopener\">https:\/\/lapastisseriabarcelona.com<\/a>, cuenta con las m\u00e1ximas medidas de seguridad comercialmente disponibles en el sector. El servidor seguro establece una conexi\u00f3n de manera que la informaci\u00f3n se transmite cifrada mediante algoritmos de 128 bits a 256 bits, asegurando que solo sea inteligible y comprensible para el dispositivo del usuario y el del Sitio Web.<br \/>De esta manera, al utilizar el protocolo SSL, &#8220;Secure Socket Layer&#8221;, el predecesor del protocolo TLS, &#8220;Transport Layer Security&#8221;, se trata de protocolos criptogr\u00e1ficos que proporcionan privacidad e integridad en las comunicaciones seguras para una red de comunicaci\u00f3n, com\u00fanmente internet, que garantiza que la informaci\u00f3n transmitida por esta red no pueda ser interceptada ni modificada por elementos no autorizados, garantizando que solo los emisores y los receptores leg\u00edtimos tengan acceso a la comunicaci\u00f3n de manera \u00edntegra, lo que garantiza:<\/p><\/li><li><p>Que el usuario est\u00e1 comunicando sus datos al centro servidor del administrador del sitio web, y no a cualquier otro que intente suplantarlo.<\/p><\/li><li><p>Que entre el usuario y el centro servidor del administrador del sitio web, los datos se transmiten cifrados, evitando su posible lectura o manipulaci\u00f3n por parte de terceros.<\/p><\/li><li><p><strong>ACCESO Y ESTANCIA EN EL SITIO WEB:<\/strong><\/p><\/li><\/ol><p>4.1. <strong>NUESTROS CONTENIDOS:<\/strong> Los usuarios son \u00edntegramente responsables de su conducta al acceder a la informaci\u00f3n del Sitio Web, mientras navegan por el mismo, y despu\u00e9s de haber accedido.<br \/>Como consecuencia de esto, los usuarios son los \u00fanicos responsables ante el administrador del sitio y ante terceros de:<\/p><ol><li>Las consecuencias que puedan derivarse del uso con fines o efectos il\u00edcitos o contrarios al presente documento, de cualquier contenido del Sitio Web, elaborado o no por el administrador del sitio web, publicado o no en su nombre de manera oficial.<\/li><li>As\u00ed como de las consecuencias que puedan derivarse del uso contrario al contenido de este documento y que sea perjudicial para los intereses o derechos de terceros, o que de alguna manera pueda da\u00f1ar, inutilizar o deteriorar el Sitio Web, o sus servicios, o impedir el normal disfrute por parte de otros usuarios.<\/li><\/ol><p>El administrador del sitio web se reserva el derecho a actualizar los contenidos cuando lo considere conveniente, as\u00ed como a eliminarlos, limitarlos o impedir su acceso, de manera temporal o definitiva, as\u00ed como a denegar el acceso al Sitio Web a usuarios que hagan un mal uso de los contenidos y\/o incumplan cualquiera de los t\u00e9rminos y condiciones que aparezcan en este documento.<br \/>El administrador del sitio web informa que no garantiza: a. Que el acceso al Sitio Web y\/o a las p\u00e1ginas web de enlace sea ininterrumpido o libre de errores. b. Que el contenido o software al que los usuarios accedan a trav\u00e9s de la web o de las webs de enlace no contenga ning\u00fan error, virus inform\u00e1tico u otros elementos en los contenidos que puedan producir alteraciones en su sistema o en los documentos electr\u00f3nicos y archivos almacenados en su sistema inform\u00e1tico, o cause alg\u00fan otro tipo de perjuicio.<\/p><p><strong>c.-<\/strong> El aprovechamiento que los usuarios puedan hacer para sus fines personales de la informaci\u00f3n o contenidos del Sitio Web, o de los sitios enlazados.<\/p><ol start=\"5\"><li><p><strong>MODIFICACI\u00d3N DE LOS T\u00c9RMINOS Y CONDICIONES DE USO:<\/strong> El administrador de la p\u00e1gina web se reserva el derecho a modificar, en cualquier momento, la presentaci\u00f3n y configuraci\u00f3n del Sitio Web, as\u00ed como de los presentes t\u00e9rminos y condiciones de uso.<br \/>Por ello, el administrador de la p\u00e1gina web recomienda al usuario leer atentamente las condiciones y t\u00e9rminos de uso cada vez que acceda al Sitio Web. Los usuarios siempre dispondr\u00e1n de estos t\u00e9rminos y condiciones de uso en un lugar visible y libremente accesible para todas las consultas que deseen hacer.<\/p><\/li><li><p><strong>RESPONSABILIDAD WEB:<\/strong> El administrador de la p\u00e1gina web no asume ninguna responsabilidad derivada, a t\u00edtulo enunciativo pero no limitativo:<\/p><\/li><li><p>De la utilizaci\u00f3n que los usuarios puedan hacer de los materiales del Sitio Web o de los sitios enlazados, ya sean prohibidos o permitidos, en infracci\u00f3n de los derechos de propiedad intelectual y\/o industrial de contenidos del Sitio Web, o de terceros.<\/p><\/li><li><p>De los eventuales da\u00f1os y perjuicios a los usuarios, causados por un funcionamiento normal o anormal de las herramientas de b\u00fasqueda, de la organizaci\u00f3n o localizaci\u00f3n de los contenidos y\/o acceso al Sitio Web y, en general, de los errores o problemas que se generen en el desarrollo o instrumentaci\u00f3n de los elementos t\u00e9cnicos que el Sitio Web, o un programa, facilite al usuario.<\/p><\/li><li><p>De los contenidos de aquellas p\u00e1ginas a las que los usuarios puedan acceder desde enlaces incluidos en el Sitio Web, ya sean autorizados o no.<\/p><\/li><li><p>Del acceso de menores de edad a los contenidos incluidos en el Sitio Web, siendo responsabilidad de sus progenitores o tutores ejercer un control adecuado sobre la actividad de los hijos o menores a su cargo, o bien instalar alguna de las herramientas de control del uso de Internet con el objetivo de evitar el acceso a materiales o contenidos no aptos para menores, as\u00ed como el env\u00edo de datos personales sin la previa autorizaci\u00f3n de sus progenitores o tutores.<\/p><\/li><\/ol><p>El administrador de la p\u00e1gina web no ser\u00e1 responsable en ning\u00fan caso cuando se produzcan: a. Errores o retrasos en el acceso al Sitio Web por parte del usuario al introducir sus datos en el formulario de pedido de servicios. La lentitud o imposibilidad de recepci\u00f3n por parte de los destinatarios de la confirmaci\u00f3n del pedido o cualquier anomal\u00eda que pueda surgir cuando estas incidencias se deban a problemas en la red Internet, causas de caso fortuito o fuerza mayor y cualquier otra contingencia imprevisible ajena a la buena fe del administrador de la p\u00e1gina web. b. Errores o incidencias que puedan producirse en las comunicaciones, borrado o transmisiones incompletas, de manera que no se garantiza que los servicios del sitio web est\u00e9n constantemente operativos.<\/p><p><strong>c.-<\/strong> De los errores o da\u00f1os producidos en el sitio web por un uso del servicio ineficiente y de mala fe por parte del usuario.<br \/><strong>d.-<\/strong> De la no operatividad o problemas en la direcci\u00f3n electr\u00f3nica facilitada por el usuario para el env\u00edo de la confirmaci\u00f3n del pedido.<br \/>En todo caso, el administrador del sitio web se compromete a resolver los problemas que puedan surgir y a ofrecer todo el apoyo necesario al usuario para llegar a una soluci\u00f3n r\u00e1pida y satisfactoria de la incidencia.<br \/>Asimismo, el administrador del sitio web tiene derecho a realizar, durante intervalos temporales definidos, campa\u00f1as promocionales para promover el registro de nuevos miembros en su servicio.<br \/>El administrador del sitio web se reserva el derecho a modificar las condiciones de aplicaci\u00f3n de las promociones, prorrogar las mismas comunic\u00e1ndolo debidamente, o proceder a la exclusi\u00f3n de cualquiera de los usuarios de la promoci\u00f3n, en caso de detectar cualquier anomal\u00eda, abuso o comportamiento poco \u00e9tico en la participaci\u00f3n de los mismos.<\/p><ol start=\"7\"><li><strong>PROPIEDAD INTELECTUAL E INDUSTRIAL:<\/strong> El administrador del sitio web tiene todos los derechos sobre el contenido, dise\u00f1o y c\u00f3digo fuente de esta p\u00e1gina web: <a href=\"https:\/\/lapastisseriabarcelona.com\" target=\"_new\" rel=\"noopener\">https:\/\/lapastisseriabarcelona.com<\/a>, y, en especial, de manera enunciativa pero no limitativa, sobre las fotograf\u00edas, im\u00e1genes, textos, logotipos, dise\u00f1os, marcas, nombres comerciales y datos que se incluyen en la web.<br \/>Se advierte a los usuarios que estos derechos est\u00e1n protegidos por la legislaci\u00f3n espa\u00f1ola e internacional vigente relativa a la propiedad intelectual e industrial, Real Decreto-Legislativo 1\/1996, de 12 de abril y sus modificaciones posteriores.<br \/>Asimismo, y sin perjuicio de lo expuesto, el contenido del Sitio Web tambi\u00e9n tiene la consideraci\u00f3n de programa inform\u00e1tico y, por tanto, le corresponde tambi\u00e9n la aplicaci\u00f3n de toda la normativa espa\u00f1ola y comunitaria europea vigente en la materia.<br \/>Queda expresamente prohibida la reproducci\u00f3n total o parcial de este sitio web, y de cualquiera de sus contenidos, sin el consentimiento expl\u00edcito y por escrito del administrador del sitio web.<br \/>El administrador del sitio web informa que no concede ninguna licencia o autorizaci\u00f3n impl\u00edcita sobre los derechos de propiedad intelectual y\/o industrial o sobre cualquier otro derecho o propiedad relacionada, directa o indirectamente, con los contenidos incluidos en el Sitio Web: <a href=\"https:\/\/lapastisseriabarcelona.com\" target=\"_new\" rel=\"noopener\">https:\/\/lapastisseriabarcelona.com<\/a>.<br \/>Solo se autoriza la utilizaci\u00f3n de los contenidos del dominio web con fines informativos y de servicio, siempre que se cite o haga referencia a la fuente, siendo el usuario el \u00fanico responsable del mal uso de los mismos.<\/li><\/ol><p><strong>8. NULIDAD:<\/strong><br \/>En caso de que cualquier cl\u00e1usula de los presentes t\u00e9rminos y condiciones de uso sea declarada nula, el resto de las cl\u00e1usulas se mantendr\u00e1n vigentes y se interpretar\u00e1n teniendo en cuenta la voluntad de las partes y la finalidad misma de los presentes t\u00e9rminos y condiciones.<br \/>El administrador de la p\u00e1gina web puede no ejercer alguno de los derechos y facultades conferidos en este documento, lo cual no implicar\u00e1 en ning\u00fan caso la renuncia a los mismos, salvo que as\u00ed lo reconozca de manera fehaciente el administrador de la p\u00e1gina web o prescripci\u00f3n de la acci\u00f3n que en cada caso corresponda.<\/p><p><strong>9. LEY APLICABLE Y ARBITRAJE:<\/strong><br \/>Los presentes t\u00e9rminos y condiciones de uso se rigen por la legislaci\u00f3n espa\u00f1ola aplicable en la materia. Para resolver cualquier controversia o conflicto que de ellos derive, las partes se someten a la jurisdicci\u00f3n de los tribunales de BARCELONA, ciudad origen de la empresa GUEROLA PASTISSER, S.L, propietaria del Sitio Web, <a href=\"https:\/\/lapastisseriabarcelona.com\" target=\"_new\" rel=\"noopener\">https:\/\/lapastisseriabarcelona.com<\/a>, salvo que la ley imponga otra jurisdicci\u00f3n.<br \/><strong>9.1. PLATAFORMA DE LITIGIOS:<\/strong><br \/>Por la Ley, 7\/2017, el Art\u00edculo 40.5, por la que se incorpora al ordenamiento jur\u00eddico espa\u00f1ol la Directiva 2013\/11\/UE, y el Reglamento-UE-524\/2013, del Parlamento Europeo y del Consejo, en el Art\u00edculo 5.1, que regula lo relativo a la resoluci\u00f3n alternativa de litigios en materia de consumo: Plataforma de resoluci\u00f3n de litigios en l\u00ednea: (haz clic aqu\u00ed).<\/p><p><strong>10. PROTECCI\u00d3N DE DATOS Y POL\u00cdTICA DE PRIVACIDAD:<\/strong><br \/>Los usuarios se comprometen a navegar por el Sitio Web y a utilizar su contenido de buena fe.<br \/>En cumplimiento del Reglamento General de Protecci\u00f3n de Datos-UE-2016\/679, y de la LOPDGDD-3\/2018, le informamos que al rellenar cualquier formulario existente en el Sitio Web, <a href=\"https:\/\/lapastisseriabarcelona.com\" target=\"_new\" rel=\"noopener\">https:\/\/lapastisseriabarcelona.com<\/a>, o enviar un correo electr\u00f3nico a cualquiera de nuestras bandejas de entrada, implica la aceptaci\u00f3n de esta pol\u00edtica de privacidad, as\u00ed como la autorizaci\u00f3n al administrador de la p\u00e1gina web para que trate los datos personales que nos facilite, los cuales ser\u00e1n incorporados en un archivo titularidad de GUEROLA PASTISSER, S.L, Responsable del Tratamiento y\/o administrador de la p\u00e1gina web.<br \/>Los datos de los usuarios ser\u00e1n utilizados para el env\u00edo, mediante correo electr\u00f3nico, de las gestiones online y f\u00edsicas que realice el administrador de la p\u00e1gina web.<br \/>Por la simple visita al Sitio Web, los usuarios no facilitan informaci\u00f3n personal, ni est\u00e1n obligados a facilitarla.<\/p><p><strong>El administrador de la p\u00e1gina web se compromete a guardar la m\u00e1xima reserva y confidencialidad sobre la informaci\u00f3n que se le facilite, y a utilizarla \u00fanicamente para los fines indicados.<\/strong><br \/>El administrador de la p\u00e1gina web entiende que los datos han sido introducidos por su titular o por una persona autorizada por este, as\u00ed como que son correctos y exactos.<br \/>El env\u00edo de sus datos mediante el\/los formulario\/s de nuestro sitio web estar\u00e1 supeditado obligatoriamente a que haya le\u00eddo\/aceptado las Condiciones de uso y la Pol\u00edtica de privacidad.<br \/>De acuerdo con lo establecido en la Ley 34\/2002, de Servicios de la Sociedad de la Informaci\u00f3n y Comercio Electr\u00f3nico, en su art\u00edculo 21, le solicitamos su consentimiento para poder realizar comunicaciones publicitarias que consideremos de su inter\u00e9s, por correo electr\u00f3nico o cualquier otro medio de comunicaci\u00f3n electr\u00f3nica equivalente.<br \/>Este consentimiento lo otorgar\u00e1 con la aceptaci\u00f3n de estas condiciones de uso mediante una casilla de verificaci\u00f3n en el pie del formulario o p\u00e1gina web.<br \/>De acuerdo con la legislaci\u00f3n vigente en materia de protecci\u00f3n de datos, el administrador de la p\u00e1gina web ha adoptado los niveles de seguridad adecuados para los datos facilitados por los usuarios y, adem\u00e1s, ha instalado todos los medios y medidas a su alcance para evitar su p\u00e9rdida, mal uso, alteraci\u00f3n, acceso no autorizado y extracci\u00f3n de los mismos.<br \/><strong>GUEROLA PASTISSER, S.L<\/strong>, informa de la posibilidad de ejercer los derechos de acceso, rectificaci\u00f3n, oposici\u00f3n, supresi\u00f3n, limitaci\u00f3n y portabilidad. Estos derechos podr\u00e1n ejercerse por cualquier medio que deje constancia de su env\u00edo y recepci\u00f3n, a la direcci\u00f3n del administrador del Sitio Web o al correo electr\u00f3nico: <a rel=\"noopener\">administracion@lapastisseriabarcelona.com<\/a>, aportando fotocopia del DNI o documentaci\u00f3n alternativa que acredite su identidad, conforme al art\u00edculo 12.3 del RGPD. El responsable del tratamiento facilitar\u00e1 la informaci\u00f3n solicitada en virtud de los art\u00edculos 15 a 21, con respuesta a m\u00e1s tardar en el plazo de un mes a partir de la recepci\u00f3n de la solicitud.<br \/>Podr\u00e1 presentar reclamaciones ante la Autoridad de Control pertinente, AEPD, ACPD y AVPD.<br \/>Estas cl\u00e1usulas han sido redactadas por GRUP QUALIA, por lo que se le otorga un certificado en formato de imagen digital para exponerlo en el sitio web.<br \/>Fecha de realizaci\u00f3n: 04\/02\/2025.<\/p>\t\t\t\t\t\t<\/div>\n\t\t\t\t<\/div>\n\t\t\t\t\t<\/div>\n\t\t<\/div>\n\t\t\t\t\t<\/div>\n\t\t<\/section>\n\t\t\t\t<section class=\"elementor-section elementor-top-section elementor-element elementor-element-7ef86bc8 elementor-section-boxed elementor-section-height-default elementor-section-height-default sc_fly_static\" data-id=\"7ef86bc8\" data-element_type=\"section\">\n\t\t\t\t\t\t<div class=\"elementor-container elementor-column-gap-extended\">\n\t\t\t\t\t<div class=\"elementor-column elementor-col-100 elementor-top-column elementor-element elementor-element-19372eea sc_inner_width_none sc_content_align_inherit sc_layouts_column_icons_position_left sc_fly_static\" data-id=\"19372eea\" data-element_type=\"column\">\n\t\t\t<div class=\"elementor-widget-wrap elementor-element-populated\">\n\t\t\t\t\t\t<div class=\"elementor-element elementor-element-690b98ed sc_fly_static elementor-widget elementor-widget-spacer\" data-id=\"690b98ed\" data-element_type=\"widget\" data-widget_type=\"spacer.default\">\n\t\t\t\t<div class=\"elementor-widget-container\">\n\t\t\t\t\t<div class=\"elementor-spacer\">\n\t\t\t<div class=\"elementor-spacer-inner\"><\/div>\n\t\t<\/div>\n\t\t\t\t<\/div>\n\t\t\t\t<\/div>\n\t\t\t\t\t<\/div>\n\t\t<\/div>\n\t\t\t\t\t<\/div>\n\t\t<\/section>\n\t\t\t\t<\/div>\n\t\t","protected":false},"excerpt":{"rendered":"<p>T\u00e9rminos y Condiciones de Uso Web Los presentes t\u00e9rminos y condiciones de uso y pol\u00edtica de privacidad regulan el uso de conformidad con la ley 34\/2002, de 11 de julio,&hellip;<\/p>\n","protected":false},"author":9,"featured_media":0,"parent":0,"menu_order":0,"comment_status":"closed","ping_status":"closed","template":"","meta":{"_joinchat":[],"footnotes":""},"class_list":["post-38223","page","type-page","status-publish","hentry"],"acf":[],"aioseo_notices":[],"_links":{"self":[{"href":"https:\/\/lapastisseriabarcelona.com\/es\/wp-json\/wp\/v2\/pages\/38223","targetHints":{"allow":["GET"]}}],"collection":[{"href":"https:\/\/lapastisseriabarcelona.com\/es\/wp-json\/wp\/v2\/pages"}],"about":[{"href":"https:\/\/lapastisseriabarcelona.com\/es\/wp-json\/wp\/v2\/types\/page"}],"author":[{"embeddable":true,"href":"https:\/\/lapastisseriabarcelona.com\/es\/wp-json\/wp\/v2\/users\/9"}],"replies":[{"embeddable":true,"href":"https:\/\/lapastisseriabarcelona.com\/es\/wp-json\/wp\/v2\/comments?post=38223"}],"version-history":[{"count":7,"href":"https:\/\/lapastisseriabarcelona.com\/es\/wp-json\/wp\/v2\/pages\/38223\/revisions"}],"predecessor-version":[{"id":38257,"href":"https:\/\/lapastisseriabarcelona.com\/es\/wp-json\/wp\/v2\/pages\/38223\/revisions\/38257"}],"wp:attachment":[{"href":"https:\/\/lapastisseriabarcelona.com\/es\/wp-json\/wp\/v2\/media?parent=38223"}],"curies":[{"name":"wp","href":"https:\/\/api.w.org\/{rel}","templated":true}]}}