{"id":38229,"date":"2025-02-11T08:08:23","date_gmt":"2025-02-11T08:08:23","guid":{"rendered":"https:\/\/lapastisseriabarcelona.com\/?page_id=38229"},"modified":"2025-02-12T07:36:24","modified_gmt":"2025-02-12T07:36:24","slug":"politica-de-cookies","status":"publish","type":"page","link":"https:\/\/lapastisseriabarcelona.com\/es\/politica-de-cookies\/","title":{"rendered":"Pol\u00edtica de Cookies"},"content":{"rendered":"\t\t<div data-elementor-type=\"wp-page\" data-elementor-id=\"38229\" class=\"elementor elementor-38229\" data-elementor-post-type=\"page\">\n\t\t\t\t\t\t<section class=\"elementor-section elementor-top-section elementor-element elementor-element-2b1184b0 elementor-section-boxed elementor-section-height-default elementor-section-height-default sc_fly_static\" data-id=\"2b1184b0\" data-element_type=\"section\" data-settings=\"{&quot;background_background&quot;:&quot;classic&quot;}\">\n\t\t\t\t\t\t<div class=\"elementor-container elementor-column-gap-extended\">\n\t\t\t\t\t<div class=\"elementor-column elementor-col-100 elementor-top-column elementor-element elementor-element-153e1c19 sc_inner_width_none sc_content_align_inherit sc_layouts_column_icons_position_left sc_fly_static\" data-id=\"153e1c19\" data-element_type=\"column\">\n\t\t\t<div class=\"elementor-widget-wrap elementor-element-populated\">\n\t\t\t\t\t\t<div class=\"elementor-element elementor-element-54db29de sc_fly_static elementor-widget elementor-widget-text-editor\" data-id=\"54db29de\" data-element_type=\"widget\" data-widget_type=\"text-editor.default\">\n\t\t\t\t<div class=\"elementor-widget-container\">\n\t\t\t\t\t\t\t<h1>Pol\u00edtica de Cookies<\/h1><p><strong>\u00bfPOR QU\u00c9 NECESITAMOS SU CONSENTIMIENTO EXPL\u00cdCITO PARA UTILIZAR LAS COOKIES?<\/strong><br \/>La Gu\u00eda de la AEPD, de julio de 2023, con la aportaci\u00f3n de informaci\u00f3n y criterios del Comit\u00e9 Europeo en Protecci\u00f3n de Datos (CEPD), el RGPD-UE-2016\/679 \u2013art\u00edculos 5, 6, 7 y 13-, y la LOPDGDD-3\/2018 -art\u00edculo 6-, deben interpretarse en el sentido de que el consentimiento solo es v\u00e1lido si es expl\u00edcito.<\/p><p><strong>CONSENTIMIENTO DEL INTERESADO:<\/strong> Para poder llevar a cabo el tratamiento de sus datos personales con privacidad y seguridad, es necesario contar con su consentimiento, en cumplimiento del RGPD-UE-2016\/679, art\u00edculos 5, 6, 7 y 13, y de la LOPDGDD-3\/2018, en su T\u00edtulo II. Con la aceptaci\u00f3n mediante un &#8220;Check o Bot\u00f3n&#8221; con la palabra \u201cACEPTO\u201d, el usuario de este sitio web\/App da su consentimiento expl\u00edcito para el tratamiento de sus datos e informaci\u00f3n aportada a trav\u00e9s de las cookies en su dispositivo.<\/p><p>Con un &#8220;Check o Bot\u00f3n&#8221; de \u201cRECHAZAR\u201d por parte del usuario, se rechazan todas las cookies, salvo aquellas que est\u00e1n exentas de la obligaci\u00f3n de obtener consentimiento, como las cookies propias o las de sesi\u00f3n.<\/p><p>Un &#8220;Check o Bot\u00f3n&#8221; de \u201cM\u00c1S INFORMACI\u00d3N\u201d, que permitir\u00e1 consultar esta Pol\u00edtica de Cookies.<\/p><p><strong>Consentimiento del menor:<\/strong> El RGPD-UE-2016\/679, en el art\u00edculo 8, expone las condiciones aplicables al consentimiento del menor en relaci\u00f3n con los servicios de la sociedad de la informaci\u00f3n.<\/p><ol><li>Cuando se aplique el art\u00edculo 6.1.a, en relaci\u00f3n con la oferta directa de servicios de la sociedad de la informaci\u00f3n a menores, el tratamiento de sus datos personales se considerar\u00e1 l\u00edcito cuando haya hecho, como m\u00ednimo, 16 a\u00f1os. Si el menor no llega a los 16 a\u00f1os, este tratamiento solo se considerar\u00e1 l\u00edcito si el consentimiento lo da o lo autoriza el titular de la patria potestad o tutela del menor, y solo en la medida en que lo d\u00e9 o lo autorice.<\/li><li>El responsable del tratamiento har\u00e1 esfuerzos razonables para verificar en estos casos que el consentimiento lo ha dado o autorizado el titular de la patria potestad o tutela del menor, teniendo en cuenta la tecnolog\u00eda disponible.<br \/>El interesado podr\u00e1 ejercer los derechos de acceso, portabilidad, limitaci\u00f3n, oposici\u00f3n, rectificaci\u00f3n y supresi\u00f3n de los datos, y presentar reclamaci\u00f3n ante la Autoridad de Control correspondiente.<\/li><\/ol><p><strong>\u00bfQU\u00c9 SON LAS COOKIES?<\/strong><br \/>Las cookies son peque\u00f1os archivos de datos que se reciben en el terminal desde el sitio web\/App visitado y se usan para registrar ciertas interacciones de la navegaci\u00f3n en un sitio web\/App almacenando datos que podr\u00e1n ser actualizados y recuperados. Estos archivos se almacenan en el dispositivo del usuario y contienen datos an\u00f3nimos que no son perjudiciales para su equipo. Se utilizan para recordar las preferencias del usuario, como el idioma elegido, datos de acceso o personalizaci\u00f3n de la p\u00e1gina Web o App.<\/p><p><strong>Las cookies o dispositivos de almacenamiento han sido tradicionalmente asociadas a las p\u00e1ginas web. Sin embargo, actualmente se utilizan tanto en las p\u00e1ginas web como en otros tipos de plataformas y aplicaciones (por ejemplo, las Apps para tel\u00e9fonos inteligentes y tabletas).<\/strong><br \/>Las cookies tambi\u00e9n se pueden utilizar para registrar informaci\u00f3n an\u00f3nima sobre c\u00f3mo un visitante utiliza un espacio. Por ejemplo, desde qu\u00e9 p\u00e1gina web\/APP ha accedido, o si ha utilizado un &#8220;banner&#8221; publicitario para llegar a \u00e9l.<br \/>Los servicios de la sociedad de la informaci\u00f3n pueden ser prestados por el editor a trav\u00e9s de una plataforma, aplicaci\u00f3n inform\u00e1tica o un sitio web\/App al que accede un usuario desde su terminal.<\/p><ol><li><p><strong>\u00bfPOR QU\u00c9 UTILIZAMOS LAS COOKIES?<\/strong><br \/>Utilizamos cookies propias y de terceros para analizar el uso del sitio web y mostrar publicidad seg\u00fan las preferencias, bas\u00e1ndonos en un perfil elaborado a partir de los h\u00e1bitos de navegaci\u00f3n del usuario.<br \/>GUEROLA PASTISSER, S.L., utiliza cookies T\u00e9cnicas y Anal\u00edticas para que utilice nuestro sitio web y le permitan usar \u00e1reas seguras, opciones personalizadas, etc. Adem\u00e1s, GUEROLA PASTISSER, S.L. utiliza cookies que recogen datos relativos al an\u00e1lisis de uso del sitio web. Estas se utilizan para ayudar a mejorar el servicio al usuario, midiendo el uso y el rendimiento de la p\u00e1gina, para optimizarla y personalizarla.<br \/>\u2022 Cookie de Google, ANALYTICS: Google ANALYTICS es un servicio gratuito que ofrece Google Inc. que recoge informaci\u00f3n sobre las p\u00e1ginas del web visitadas, a qu\u00e9 hora, qu\u00e9 navegador web, etc. Posteriormente, esta informaci\u00f3n se env\u00eda a los servidores de Google Inc.<\/p><\/li><li><p><strong>\u00bfQU\u00c9 USO LE DAMOS A LOS DIFERENTES TIPOS DE COOKIES?<\/strong><br \/>Seg\u00fan su finalidad:<br \/>\u2022 <strong>Cookies t\u00e9cnicas:<\/strong> Son aquellas que permiten al usuario la navegaci\u00f3n a trav\u00e9s de una p\u00e1gina web, plataforma o aplicaci\u00f3n y el uso de las diferentes opciones o servicios. Por ejemplo, las que sirven para el mantenimiento de la sesi\u00f3n, la gesti\u00f3n del tiempo de respuesta, rendimiento o validaci\u00f3n de opciones, utilizar elementos de seguridad y compartir contenidos.<br \/>\u2022 <strong>Cookies de preferencias o personalizaci\u00f3n:<\/strong> Son las que permiten recordar informaci\u00f3n para que el usuario acceda al servicio con determinadas caracter\u00edsticas que puedan diferenciar su experiencia de la de otros usuarios. Ejemplos de esto son el idioma, el n\u00famero de resultados a mostrar cuando se hace una b\u00fasqueda, el aspecto o contenido del servicio en funci\u00f3n del tipo de navegador por el que el usuario accede o de la regi\u00f3n desde la que lo hace, etc.<br \/>\u2022 <strong>Cookies de an\u00e1lisis o medici\u00f3n (analytics):<\/strong> Son las que permiten al responsable de estas cookies hacer el seguimiento y an\u00e1lisis del comportamiento de los usuarios de los sitios web o App a los que est\u00e1n vinculadas, incluyendo la cuantificaci\u00f3n de los impactos de los anuncios. La informaci\u00f3n recogida mediante este tipo de cookies se utiliza para medir la actividad de los sitios web, aplicaciones o plataformas, con el objetivo de introducir mejoras en funci\u00f3n del an\u00e1lisis de los datos de uso que los usuarios hacen del servicio.<br \/>\u2022 <strong>Cookies publicitarias\/de publicidad:<\/strong> Son las que, tratadas por el administrador del web (o App) o por terceros, permiten analizar los h\u00e1bitos de navegaci\u00f3n en Internet para poder mostrar publicidad relacionada con el perfil de navegaci\u00f3n del usuario. Las cookies publicitarias permiten la gesti\u00f3n de los espacios publicitarios en base a criterios concretos.<\/p><\/li><\/ol><p><strong>Almacenan informaci\u00f3n sobre el comportamiento de los usuarios, que se obtiene mediante la observaci\u00f3n continua de sus h\u00e1bitos de navegaci\u00f3n, lo que permite desarrollar un perfil espec\u00edfico para mostrar publicidad en funci\u00f3n de este.<\/strong><\/p><p><strong>Tipos de cookies seg\u00fan el periodo durante el cual permanecer\u00e1n activas:<\/strong><\/p><p>\u2022 <strong>Cookies de sesi\u00f3n:<\/strong> Son aquellas dise\u00f1adas para obtener y almacenar datos mientras el usuario accede a una p\u00e1gina web\/App. Se suelen utilizar para almacenar informaci\u00f3n que solo interesa conservar para la prestaci\u00f3n del servicio solicitado por el usuario en una sola ocasi\u00f3n (por ejemplo, una lista de productos adquiridos) y desaparecen al finalizar la sesi\u00f3n.<br \/>\u2022 <strong>Cookies persistentes:<\/strong> Son aquellas cuyos datos siguen almacenados en el terminal y pueden ser accedidos y tratados durante un periodo definido por el responsable de las cookies, que puede ir desde unos minutos hasta algunos a\u00f1os. En este caso, es necesario evaluar si es imprescindible el uso de cookies persistentes, ya que los riesgos para la privacidad pueden reducirse con el uso de cookies de sesi\u00f3n. En cualquier caso, cuando se instalan cookies persistentes, se recomienda reducir al m\u00ednimo necesario su duraci\u00f3n temporal en funci\u00f3n del prop\u00f3sito de su uso.<\/p><p>Las obligaciones legales impuestas por la normativa son dos: la obligaci\u00f3n de transparencia y la obligaci\u00f3n de obtener el consentimiento expl\u00edcito del usuario del sitio web\/App.<\/p><p>De acuerdo con la naturaleza de su actividad empresarial, el modelo de negocio que desarrollan y el alcance de su responsabilidad, se recomienda realizar una revisi\u00f3n de las cookies que se utilizan, ya sea de forma interna o mediante el asesoramiento de entidades especializadas.<br \/>Esta revisi\u00f3n tendr\u00e1 como objetivo identificar las cookies que se est\u00e1n utilizando, analizando si son cookies propias o de terceros, de sesi\u00f3n o persistentes, y detallando su funci\u00f3n para decidir si se incluyen o no dentro del \u00e1mbito de aplicaci\u00f3n del art\u00edculo 22.2 de la LSSI. Teniendo en cuenta los posibles cambios que pueden producirse en la gesti\u00f3n y uso de las cookies, se recomienda realizar esta revisi\u00f3n de manera peri\u00f3dica para actualizar la informaci\u00f3n disponible sobre estas cookies. En cualquier caso, es necesario tener en cuenta la conveniencia de que las soluciones implementadas para cumplir con las obligaciones del art. 22.2 de la LSSI sean tecnol\u00f3gicamente neutrales, es decir, que se trate de soluciones que la mayor\u00eda de los navegadores reconozcan.<\/p><p><strong>3. ENLACE PARA LA IDENTIFICACI\u00d3N DE LAS COOKIES:<\/strong><br \/>Es recomendable que la informaci\u00f3n expuesta a trav\u00e9s de la cual se gestionan las cookies (incluyendo c\u00f3mo revocar el consentimiento y eliminar las cookies) est\u00e9 permanentemente accesible a trav\u00e9s de la p\u00e1gina web, aplicaci\u00f3n o servicio en l\u00ednea correspondiente. A este efecto, sin perjuicio de otras soluciones que se puedan adoptar, se considerar\u00e1 que se cumple este requisito cuando el sistema de gesti\u00f3n de las cookies (panel de configuraci\u00f3n o un CMP, que permite a los propietarios de los sitios web o App obtener, gestionar y difundir el consentimiento de los consumidores) est\u00e9 integrado en la misma pol\u00edtica de cookies o cuando se incluya en esta un enlace que conduzca directamente al sistema de gesti\u00f3n o panel de configuraci\u00f3n.<\/p><p><strong>Gu\u00eda de la AEPD, 3.2.10. Posibilidad de denegaci\u00f3n de acceso al servicio en caso de rechazo de las cookies:<\/strong><\/p><p>Podr\u00e1n existir determinados supuestos en los cuales la no aceptaci\u00f3n del uso de cookies impida el acceso al sitio web o la utilizaci\u00f3n total o parcial del servicio, siempre que se informe adecuadamente al usuario sobre este hecho y se ofrezca una alternativa, no necesariamente gratuita, para acceder al servicio sin necesidad de aceptar el uso de cookies.<\/p><p>Estas cookies deben cumplir con el RGPD-UE-2016\/679, la LOPDGDD-3\/2018, la normativa de la LSSI-CE-34\/2002, con la \u00faltima modificaci\u00f3n de 09\/05\/2023, y la GU\u00cdA sobre el uso de las cookies de julio de 2023, de la AEPD con los criterios de la CEPD.<\/p><p><strong>COOKIES PROPIAS EN USO:<\/strong><\/p><p>Se han permitido las siguientes cookies, entre otras, al visitar este sitio web:<\/p><table width=\"624\"><tbody><tr><td width=\"132\"><p><strong>\u00a0<\/strong><\/p><p><strong>DOMINI<\/strong><\/p><\/td><td width=\"132\"><p><strong>COOKIE<\/strong><\/p><\/td><td width=\"94\"><p><strong>TITULAR<\/strong><\/p><\/td><td width=\"170\"><p><strong>FUNCI\u00d3<\/strong><\/p><\/td><td width=\"94\"><p><strong>CADUCITAT<\/strong><\/p><\/td><\/tr><tr><td width=\"132\"><p><strong>La pastisseria<\/strong><\/p><p><strong>barcelona.com<\/strong><\/p><\/td><td width=\"132\"><p>\u00a0\u00a0\u00a0\u00a0\u00a0\u00a0\u00a0\u00a0\u00a0\u00a0\u00a0 _fbp<\/p><\/td><td width=\"94\"><p>Facebook<\/p><\/td><td width=\"170\"><p>Emmagatzema i rastreja les visites del lloc web.<\/p><\/td><td width=\"94\"><p>Persistent<\/p><\/td><\/tr><tr><td width=\"132\"><p><strong>\u00a0<\/strong><\/p><\/td><td width=\"132\"><p>_lscache_vary<\/p><\/td><td width=\"94\"><p>Propia<\/p><\/td><td width=\"170\"><p>Prevenci\u00f3 de les webs emmagatzemades en cach\u00e8.<\/p><\/td><td width=\"94\"><p>Persistent<\/p><\/td><\/tr><tr><td width=\"132\"><p><strong>\u00a0<\/strong><\/p><\/td><td width=\"132\"><p>cookie_notice<\/p><p>_accepted<\/p><\/td><td width=\"94\"><p>Propia<\/p><\/td><td width=\"170\"><p>Per llegir si es pot col\u00b7locar cookies.<\/p><\/td><td width=\"94\"><p>Persistent<\/p><\/td><\/tr><tr><td width=\"132\"><p><strong>\u00a0<\/strong><\/p><\/td><td width=\"132\"><p>sbjs_current<\/p><\/td><td width=\"94\"><p>Sbjs<\/p><\/td><td width=\"170\"><p>Emmagatzema informaci\u00f3 de l\u2019usuari.<\/p><\/td><td width=\"94\"><p>Sessi\u00f3<\/p><\/td><\/tr><tr><td width=\"132\"><p><strong>\u00a0<\/strong><\/p><\/td><td width=\"132\"><p>sbjs_current_add<\/p><\/td><td width=\"94\"><p>Sbjs<\/p><\/td><td width=\"170\"><p>Emmagatzema informaci\u00f3 de l\u2019usuari.<\/p><\/td><td width=\"94\"><p>Sessi\u00f3<\/p><\/td><\/tr><tr><td width=\"132\"><p><strong>\u00a0<\/strong><\/p><\/td><td width=\"132\"><p>sbjs_first<\/p><\/td><td width=\"94\"><p>Sbjs<\/p><\/td><td width=\"170\"><p>Emmagatzema informaci\u00f3 de l\u2019usuari.<\/p><\/td><td width=\"94\"><p>Sessi\u00f3<\/p><\/td><\/tr><tr><td width=\"132\"><p><strong>\u00a0<\/strong><\/p><\/td><td width=\"132\"><p>sbjs_first_add<\/p><\/td><td width=\"94\"><p>Sbjs<\/p><\/td><td width=\"170\"><p>Emmagatzema informaci\u00f3 de l\u2019usuari.<\/p><\/td><td width=\"94\"><p>Sessi\u00f3<\/p><\/td><\/tr><tr><td width=\"132\"><p><strong>\u00a0<\/strong><\/p><\/td><td width=\"132\"><p>sbjs_migrations<\/p><\/td><td width=\"94\"><p>Sbjs<\/p><\/td><td width=\"170\"><p>Emmagatzema informaci\u00f3 de l\u2019usuari.<\/p><\/td><td width=\"94\"><p>Sessi\u00f3<\/p><\/td><\/tr><tr><td width=\"132\">\u00a0<\/td><td width=\"132\"><p>sbjs_session<\/p><\/td><td width=\"94\"><p>Sbjs<\/p><\/td><td width=\"170\"><p>Emmagatzema informaci\u00f3 de l\u2019usuari.<\/p><\/td><td width=\"94\"><p>Persistent<\/p><\/td><\/tr><tr><td width=\"132\">\u00a0<\/td><td width=\"132\"><p>sbjs_udata<\/p><\/td><td width=\"94\"><p>Sbjs<\/p><\/td><td width=\"170\"><p>Emmagatzema informaci\u00f3 de l\u2019usuari.<\/p><\/td><td width=\"94\"><p>Sessi\u00f3<\/p><\/td><\/tr><tr><td width=\"132\"><p><strong>\u00a0<\/strong><\/p><\/td><td width=\"132\"><p>trx_addons_is<\/p><p>_retina<\/p><\/td><td width=\"94\"><p>Propia<\/p><\/td><td width=\"170\"><p>Ccomprova si l\u2019usuari t\u00e9 pantalla de retina.<\/p><\/td><td width=\"94\"><p>Persistent<\/p><\/td><\/tr><tr><td width=\"132\"><p><strong>\u00a0<\/strong><\/p><\/td><td width=\"132\"><p>Woocommerce<\/p><p>_cart_hash<\/p><\/td><td width=\"94\"><p>WP<\/p><\/td><td width=\"170\"><p>Emmagatzema productes visualitzats per l\u2019usuari.<\/p><\/td><td width=\"94\"><p>Sessi\u00f3<\/p><\/td><\/tr><tr><td width=\"132\"><p><strong>\u00a0<\/strong><\/p><\/td><td width=\"132\"><p>Woocommerce<\/p><p>_items_in_cart<\/p><\/td><td width=\"94\"><p>WP<\/p><\/td><td width=\"170\"><p>Emmagatzema codi client per els productes del cistell.<\/p><\/td><td width=\"94\"><p>Sessi\u00f3<\/p><\/td><\/tr><\/tbody><\/table><table width=\"624\"><tbody><tr><td width=\"132\">\u00a0<\/td><td width=\"132\"><p>wp-wpml_current<\/p><p>_language<\/p><\/td><td width=\"94\"><p>WP<\/p><\/td><td width=\"170\"><p>Emmagatzema codi client per els productes del cistell.<\/p><\/td><td width=\"94\"><p>Sessi\u00f3<\/p><\/td><\/tr><tr><td width=\"132\">\u00a0<\/td><td width=\"132\"><p>wp_woocommerce_session_69<\/p><\/td><td width=\"94\"><p>WP<\/p><\/td><td width=\"170\"><p>Emmagatzema codi client per els productes del cistell.<\/p><\/td><td width=\"94\"><p>Sessi\u00f3<\/p><\/td><\/tr><\/tbody><\/table><p><strong>COOKIES EXTERNAS EN USO:<\/strong><\/p><p>Algunas de las cookies en uso:<\/p><table width=\"624\"><tbody><tr><td width=\"113\"><p><strong>\u00a0<\/strong><\/p><p><strong>DOMINI<\/strong><\/p><\/td><td width=\"161\"><p><strong>COOKIE<\/strong><\/p><\/td><td width=\"94\"><p><strong>TITULAR<\/strong><\/p><\/td><td width=\"161\"><p><strong>FUNCI\u00d3<\/strong><\/p><\/td><td width=\"94\"><p><strong>CADUCITAT<\/strong><\/p><\/td><\/tr><tr><td width=\"113\"><p><strong>google.com<\/strong><\/p><\/td><td width=\"161\"><p>NID<\/p><\/td><td width=\"94\"><p>Google<\/p><\/td><td width=\"161\"><p>Emmagatzema les prefer\u00e8ncies dels usuaris.<\/p><\/td><td width=\"94\"><p>Persistent<\/p><\/td><\/tr><tr><td width=\"113\">\u00a0<\/td><td width=\"161\"><p>__Secure-3PAPISID<\/p><\/td><td width=\"94\"><p>Google<\/p><\/td><td width=\"161\"><p>Entrega anuncis m\u00e9s rellevants per l\u2019usuari.<\/p><\/td><td width=\"94\"><p>Persistent<\/p><\/td><\/tr><tr><td width=\"113\"><p><strong>\u00a0<\/strong><\/p><\/td><td width=\"161\"><p>__Secure-3PSID<\/p><\/td><td width=\"94\"><p>Google<\/p><\/td><td width=\"161\"><p>Entrega anuncis m\u00e9s rellevants per l\u2019usuari.<\/p><\/td><td width=\"94\"><p>Persistent<\/p><\/td><\/tr><tr><td width=\"113\"><p><strong>\u00a0<\/strong><\/p><\/td><td width=\"161\"><p>__Secure-3PSIDCC<\/p><\/td><td width=\"94\"><p>Google<\/p><\/td><td width=\"161\"><p>Entrega anuncis m\u00e9s rellevants per l\u2019usuari.<\/p><\/td><td width=\"94\"><p>Persistent<\/p><\/td><\/tr><tr><td width=\"113\">\u00a0<\/td><td width=\"161\"><p>__Secure-3PSIDTS<\/p><\/td><td width=\"94\"><p>Google<\/p><\/td><td width=\"161\"><p>Entrega anuncis m\u00e9s rellevants per l\u2019usuari.<\/p><\/td><td width=\"94\"><p>Persistent<\/p><\/td><\/tr><tr><td width=\"113\"><p><strong>facebook.com<\/strong><\/p><\/td><td width=\"161\"><p>datr<\/p><\/td><td width=\"94\"><p>Facebook<\/p><\/td><td width=\"161\"><p>Prevenci\u00f3 al frau.<\/p><\/td><td width=\"94\"><p>Persistent<\/p><\/td><\/tr><tr><td width=\"113\"><p><strong>\u00a0<\/strong><\/p><\/td><td width=\"161\"><p>sb<\/p><\/td><td width=\"94\"><p>Facebook<\/p><\/td><td width=\"161\"><p>Emmagatzema els detalls del navegador.<\/p><\/td><td width=\"94\"><p>Persistent<\/p><\/td><\/tr><tr><td width=\"113\"><p><strong>\u00a0<\/strong><\/p><\/td><td width=\"161\">\u00a0<\/td><td width=\"94\"><p><strong>\u00a0<\/strong><\/p><\/td><td width=\"161\">\u00a0<\/td><td width=\"94\">\u00a0<\/td><\/tr><tr><td width=\"113\"><p><strong>\u00a0<\/strong><\/p><\/td><td width=\"161\">\u00a0<\/td><td width=\"94\">\u00a0<\/td><td width=\"161\">\u00a0<\/td><td width=\"94\">\u00a0<\/td><\/tr><\/tbody><\/table><p><strong>Si decide modificar la configuraci\u00f3n de su acceso a la p\u00e1gina web<\/strong>, debe saber que es posible eliminar las cookies o impedir que esta informaci\u00f3n se registre en su equipo en cualquier momento, mediante la modificaci\u00f3n de los par\u00e1metros de configuraci\u00f3n de su navegador:<\/p><ul><li><a href=\"https:\/\/support.mozilla.org\/es\/kb\/habilitar-y-deshabilitar-cookies-sitios-web-rastrear-preferencias\">Configuraci\u00f3n de cookies de Firefox.<\/a><\/li><li><a href=\"https:\/\/support.google.com\/chrome\/answer\/95647?co=GENIE.Platform%3DDesktop&amp;hl=es-419\">Configuraci\u00f3n de cookies de Google Chrome.<\/a><\/li><li><a href=\"https:\/\/support.apple.com\/es-es\/guide\/safari\/sfri11471\/mac\">Configuraci\u00f3n de cookies de Safari.<\/a><\/li><\/ul><p><strong>Estos navegadores est\u00e1n sujetos a cambios o modificaciones, por lo que no podemos garantizar que se ajusten completamente a la versi\u00f3n de su navegador. Para evitar estos desajustes, puede acceder directamente desde las opciones de su navegador, que generalmente se encuentran en el men\u00fa de &#8220;Opciones&#8221;, en la secci\u00f3n de &#8220;Privacidad&#8221; (Consulte la ayuda de su navegador para m\u00e1s informaci\u00f3n).<\/strong><\/p><p><strong>\u00bfD\u00d3NDE PUEDO OBTENER M\u00c1S INFORMACI\u00d3N?<\/strong> Puede encontrar m\u00e1s informaci\u00f3n sobre cookies en: <a href=\"http:\/\/www.allaboutcookies.org\" target=\"_new\" rel=\"noopener\">www.allaboutcookies.org<\/a> o <a href=\"http:\/\/www.youronlinechoices.eu\" target=\"_new\" rel=\"noopener\">www.youronlinechoices.eu<\/a>. Estas cl\u00e1usulas han sido elaboradas por GRUP QUALIA, motivo por el cual se le otorga un certificado en formato de imagen digital para que lo pueda exhibir en su sitio web.<\/p><p><strong>Actualizaci\u00f3n: 04\/02\/2025.<\/strong><\/p>\t\t\t\t\t\t<\/div>\n\t\t\t\t<\/div>\n\t\t\t\t\t<\/div>\n\t\t<\/div>\n\t\t\t\t\t<\/div>\n\t\t<\/section>\n\t\t\t\t<section class=\"elementor-section elementor-top-section elementor-element elementor-element-7ef86bc8 elementor-section-boxed elementor-section-height-default elementor-section-height-default sc_fly_static\" data-id=\"7ef86bc8\" data-element_type=\"section\">\n\t\t\t\t\t\t<div class=\"elementor-container elementor-column-gap-extended\">\n\t\t\t\t\t<div class=\"elementor-column elementor-col-100 elementor-top-column elementor-element elementor-element-19372eea sc_inner_width_none sc_content_align_inherit sc_layouts_column_icons_position_left sc_fly_static\" data-id=\"19372eea\" data-element_type=\"column\">\n\t\t\t<div class=\"elementor-widget-wrap elementor-element-populated\">\n\t\t\t\t\t\t<div class=\"elementor-element elementor-element-690b98ed sc_fly_static elementor-widget elementor-widget-spacer\" data-id=\"690b98ed\" data-element_type=\"widget\" data-widget_type=\"spacer.default\">\n\t\t\t\t<div class=\"elementor-widget-container\">\n\t\t\t\t\t<div class=\"elementor-spacer\">\n\t\t\t<div class=\"elementor-spacer-inner\"><\/div>\n\t\t<\/div>\n\t\t\t\t<\/div>\n\t\t\t\t<\/div>\n\t\t\t\t\t<\/div>\n\t\t<\/div>\n\t\t\t\t\t<\/div>\n\t\t<\/section>\n\t\t\t\t<\/div>\n\t\t","protected":false},"excerpt":{"rendered":"<p>Pol\u00edtica de Cookies \u00bfPOR QU\u00c9 NECESITAMOS SU CONSENTIMIENTO EXPL\u00cdCITO PARA UTILIZAR LAS COOKIES?La Gu\u00eda de la AEPD, de julio de 2023, con la aportaci\u00f3n de informaci\u00f3n y criterios del Comit\u00e9&hellip;<\/p>\n","protected":false},"author":9,"featured_media":0,"parent":0,"menu_order":0,"comment_status":"closed","ping_status":"closed","template":"","meta":{"_joinchat":[],"footnotes":""},"class_list":["post-38229","page","type-page","status-publish","hentry"],"acf":[],"aioseo_notices":[],"_links":{"self":[{"href":"https:\/\/lapastisseriabarcelona.com\/es\/wp-json\/wp\/v2\/pages\/38229","targetHints":{"allow":["GET"]}}],"collection":[{"href":"https:\/\/lapastisseriabarcelona.com\/es\/wp-json\/wp\/v2\/pages"}],"about":[{"href":"https:\/\/lapastisseriabarcelona.com\/es\/wp-json\/wp\/v2\/types\/page"}],"author":[{"embeddable":true,"href":"https:\/\/lapastisseriabarcelona.com\/es\/wp-json\/wp\/v2\/users\/9"}],"replies":[{"embeddable":true,"href":"https:\/\/lapastisseriabarcelona.com\/es\/wp-json\/wp\/v2\/comments?post=38229"}],"version-history":[{"count":13,"href":"https:\/\/lapastisseriabarcelona.com\/es\/wp-json\/wp\/v2\/pages\/38229\/revisions"}],"predecessor-version":[{"id":38264,"href":"https:\/\/lapastisseriabarcelona.com\/es\/wp-json\/wp\/v2\/pages\/38229\/revisions\/38264"}],"wp:attachment":[{"href":"https:\/\/lapastisseriabarcelona.com\/es\/wp-json\/wp\/v2\/media?parent=38229"}],"curies":[{"name":"wp","href":"https:\/\/api.w.org\/{rel}","templated":true}]}}