{"id":40031,"date":"2025-05-20T15:45:36","date_gmt":"2025-05-20T15:45:36","guid":{"rendered":"https:\/\/lapastisseriabarcelona.com\/sant-joan-2025\/"},"modified":"2025-05-20T16:23:23","modified_gmt":"2025-05-20T16:23:23","slug":"sant-joan-2025","status":"publish","type":"page","link":"https:\/\/lapastisseriabarcelona.com\/es\/sant-joan-2025\/","title":{"rendered":"Sant Joan 2025"},"content":{"rendered":"\t\t<div data-elementor-type=\"wp-page\" data-elementor-id=\"40031\" class=\"elementor elementor-40031 elementor-40000\" data-elementor-post-type=\"page\">\n\t\t\t\t\t\t<section class=\"elementor-section elementor-top-section elementor-element elementor-element-5749b04 elementor-section-full_width scheme_default elementor-section-height-default elementor-section-height-default animation_type_block sc_fly_static elementor-invisible\" data-id=\"5749b04\" data-element_type=\"section\" data-settings=\"{&quot;background_background&quot;:&quot;classic&quot;,&quot;animation&quot;:&quot;showmax-fadein&quot;}\">\n\t\t\t\t\t\t\t<div class=\"elementor-background-overlay\"><\/div>\n\t\t\t\t\t\t\t<div class=\"elementor-container elementor-column-gap-no\">\n\t\t\t\t\t<div class=\"elementor-column elementor-col-100 elementor-top-column elementor-element elementor-element-f7e24c2 sc_content_align_center sc_inner_width_none sc_layouts_column_icons_position_left sc_fly_static\" data-id=\"f7e24c2\" data-element_type=\"column\">\n\t\t\t<div class=\"elementor-widget-wrap elementor-element-populated\">\n\t\t\t\t\t\t<div class=\"elementor-element elementor-element-4efa8ce sc_fly_static elementor-widget elementor-widget-slider_revolution\" data-id=\"4efa8ce\" data-element_type=\"widget\" data-widget_type=\"slider_revolution.default\">\n\t\t\t\t<div class=\"elementor-widget-container\">\n\t\t\t\n\t\t<div class=\"wp-block-themepunch-revslider\">\n\t\t\t<!-- START Landing STJOAN REVOLUTION SLIDER 6.7.14 --><p class=\"rs-p-wp-fix\"><\/p>\n\t\t\t<rs-module-wrap id=\"rev_slider_28_1_wrapper\" data-source=\"gallery\" style=\"visibility:hidden;background:transparent;padding:0;margin:0px auto;margin-top:0;margin-bottom:0;\">\n\t\t\t\t<rs-module id=\"rev_slider_28_1\" style=\"\" data-version=\"6.7.14\">\n\t\t\t\t\t<rs-slides style=\"overflow: hidden; position: absolute;\">\n\t\t\t\t\t\t<rs-slide style=\"position: absolute;\" data-key=\"rs-70\" data-title=\"Slide\" data-anim=\"ms:1000ms;\" data-in=\"o:0;\" data-out=\"a:false;\">\n\t\t\t\t\t\t\t<img fetchpriority=\"high\" decoding=\"async\" src=\"\/\/lapastisseriabarcelona.com\/wp-content\/plugins\/revslider\/sr6\/assets\/assets\/dummy.png\" alt=\"\" title=\"santjoan-slider\" width=\"1335\" height=\"649\" class=\"rev-slidebg tp-rs-img rs-lazyload\" data-lazyload=\"\/\/lapastisseriabarcelona.com\/wp-content\/uploads\/2025\/05\/santjoan-slider.png\" data-parallax=\"off\" data-panzoom=\"d:10000;ss:100;se:110%;\" data-no-retina>\n<!---->\t\t\t\t\t<\/rs-slide>\n\t\t\t\t\t<\/rs-slides>\n\t\t\t\t\t<rs-static-layers><!--\n\n\t\t\t\t\t\t\t--><rs-layer\n\t\t\t\t\t\t\t\tid=\"slider-28-slide-28-layer-0\" \n\t\t\t\t\t\t\t\tclass=\"rs-layer-static\"\n\t\t\t\t\t\t\t\tdata-type=\"image\"\n\t\t\t\t\t\t\t\tdata-rsp_ch=\"on\"\n\t\t\t\t\t\t\t\tdata-xy=\"x:c;yo:106px,79px,42px,57px;\"\n\t\t\t\t\t\t\t\tdata-text=\"w:normal;s:20,15,8,4;l:0,18,9,6;\"\n\t\t\t\t\t\t\t\tdata-dim=\"w:183px,137px,74px,97px;h:183px,137px,74px,97px;\"\n\t\t\t\t\t\t\t\tdata-onslides=\"s:1;\"\n\t\t\t\t\t\t\t\tdata-frame_999=\"o:0;st:w;\"\n\t\t\t\t\t\t\t\tstyle=\"z-index:8;\"\n\t\t\t\t\t\t\t><img decoding=\"async\" src=\"\/\/lapastisseriabarcelona.com\/wp-content\/plugins\/revslider\/sr6\/assets\/assets\/dummy.png\" alt=\"\" class=\"tp-rs-img rs-lazyload\" width=\"1080\" height=\"1080\" data-lazyload=\"\/\/lapastisseriabarcelona.com\/wp-content\/uploads\/2024\/11\/DESTACATS.png\" data-no-retina> \n\t\t\t\t\t\t\t<\/rs-layer><!--\n\n\t\t\t\t\t\t\t--><rs-layer\n\t\t\t\t\t\t\t\tid=\"slider-28-slide-28-layer-3\" \n\t\t\t\t\t\t\t\tclass=\"rs-layer-static\"\n\t\t\t\t\t\t\t\tdata-type=\"text\"\n\t\t\t\t\t\t\t\tdata-xy=\"x:c;y:m;yo:53px,53px,53px,18px;\"\n\t\t\t\t\t\t\t\tdata-text=\"w:normal;s:130,99,77,70;l:127,90,70,64;ls:1px,-1px,-1px,-1px;fw:200;a:center;\"\n\t\t\t\t\t\t\t\tdata-dim=\"w:1485px,auto,auto,auto;\"\n\t\t\t\t\t\t\t\tdata-rsp_o=\"off\"\n\t\t\t\t\t\t\t\tdata-onslides=\"s:1;\"\n\t\t\t\t\t\t\t\tdata-margin=\"l:-2;\"\n\t\t\t\t\t\t\t\tdata-padding=\"r:4,0,0,0;\"\n\t\t\t\t\t\t\t\tdata-frame_0=\"x:0,0px,0px,0px;y:0,0px,0px,0px;o:1;\"\n\t\t\t\t\t\t\t\tdata-frame_0_chars=\"d:5;x:0,0px,0px,0px;y:0,0px,0px,0px;o:0;rX:-90deg;oZ:-50;\"\n\t\t\t\t\t\t\t\tdata-frame_1=\"x:0,0px,0px,0px;y:0,0px,0px,0px;sp:1750;\"\n\t\t\t\t\t\t\t\tdata-frame_1_chars=\"e:power4.inOut;d:4;x:0,0px,0px,0px;y:0,0px,0px,0px;oZ:0px;\"\n\t\t\t\t\t\t\t\tdata-frame_999=\"o:0;st:w;sR:5970;\"\n\t\t\t\t\t\t\t\tstyle=\"z-index:8;font-family:'ivypresto-display';\"\n\t\t\t\t\t\t\t>Especial <i>Sant Joan<\/i> \n\t\t\t\t\t\t\t<\/rs-layer><!--\n\n\t\t\t\t\t\t\t--><rs-layer\n\t\t\t\t\t\t\t\tid=\"slider-28-slide-28-layer-5\" \n\t\t\t\t\t\t\t\tclass=\"rs-layer-static\"\n\t\t\t\t\t\t\t\tdata-type=\"shape\"\n\t\t\t\t\t\t\t\tdata-rsp_ch=\"on\"\n\t\t\t\t\t\t\t\tdata-xy=\"yo:-10px,-7px,-3px,-93px;\"\n\t\t\t\t\t\t\t\tdata-text=\"w:normal;s:20,15,8,4;l:0,18,9,6;\"\n\t\t\t\t\t\t\t\tdata-dim=\"w:100%;h:902,676,365,661px;\"\n\t\t\t\t\t\t\t\tdata-basealign=\"slide\"\n\t\t\t\t\t\t\t\tdata-onslides=\"s:1;\"\n\t\t\t\t\t\t\t\tdata-frame_999=\"o:0;st:w;\"\n\t\t\t\t\t\t\t\tstyle=\"z-index:4;background:radial-gradient(ellipse at center, rgba(12,12,12,0.5) 0%, rgba(12,12,12,0) 100%);\"\n\t\t\t\t\t\t\t> \n\t\t\t\t\t\t\t<\/rs-layer><!--\n\t\t\t\t\t--><\/rs-static-layers>\n\t\t\t\t<\/rs-module>\n\t\t\t\t<script>\n\t\t\t\t\tsetREVStartSize({c: 'rev_slider_28_1',rl:[1240,1460,785,500],el:[750,700,620,386],gw:[1920,1440,778,480],gh:[750,700,620,386],type:'standard',justify:'',layout:'fullwidth',mh:\"0\"});if (window.RS_MODULES!==undefined && window.RS_MODULES.modules!==undefined && window.RS_MODULES.modules[\"revslider281\"]!==undefined) {window.RS_MODULES.modules[\"revslider281\"].once = false;window.revapi28 = undefined;if (window.RS_MODULES.checkMinimal!==undefined) window.RS_MODULES.checkMinimal()}\n\t\t\t\t<\/script>\n\t\t\t<\/rs-module-wrap>\n\t\t\t<!-- END REVOLUTION SLIDER -->\n<\/div>\n\n\t\t\t\t<\/div>\n\t\t\t\t<\/div>\n\t\t\t\t\t<\/div>\n\t\t<\/div>\n\t\t\t\t\t<\/div>\n\t\t<\/section>\n\t\t\t\t<section class=\"elementor-section elementor-top-section elementor-element elementor-element-dea8ff4 elementor-section-boxed elementor-section-height-default elementor-section-height-default sc_fly_static\" data-id=\"dea8ff4\" data-element_type=\"section\" data-settings=\"{&quot;background_background&quot;:&quot;classic&quot;,&quot;sticky&quot;:&quot;top&quot;,&quot;sticky_on&quot;:[&quot;desktop&quot;,&quot;tablet&quot;,&quot;mobile&quot;],&quot;sticky_offset&quot;:0,&quot;sticky_effects_offset&quot;:0}\">\n\t\t\t\t\t\t\t<div class=\"elementor-background-overlay\"><\/div>\n\t\t\t\t\t\t\t<div class=\"elementor-container elementor-column-gap-extended\">\n\t\t\t\t\t<div class=\"elementor-column elementor-col-100 elementor-top-column elementor-element elementor-element-a331a2e sc_content_align_center sc_layouts_column_align_center sc_layouts_column sc_inner_width_none sc_layouts_column_icons_position_left sc_fly_static\" data-id=\"a331a2e\" data-element_type=\"column\">\n\t\t\t<div class=\"elementor-widget-wrap elementor-element-populated\">\n\t\t\t\t\t\t<div class=\"elementor-element elementor-element-91d47a9 scheme_dark_soft sc_fly_static elementor-widget elementor-widget-trx_sc_layouts_menu\" data-id=\"91d47a9\" data-element_type=\"widget\" data-widget_type=\"trx_sc_layouts_menu.default\">\n\t\t\t\t<div class=\"elementor-widget-container\">\n\t\t\t<nav class=\"sc_layouts_menu sc_layouts_menu_default sc_layouts_menu_dir_horizontal menu_hover_zoom_line\" data-animation-in=\"none\" data-animation-out=\"none\" ><ul id=\"sc_layouts_menu_872107075\" class=\"sc_layouts_menu_nav\"><li id=\"menu-item-40033\" class=\"menu-item menu-item-type-custom menu-item-object-custom menu-item-40033\"><a href=\"https:\/\/lapastisseriabarcelona.com\/es\/sant-joan-2025\/#coques-brioix\"><span>Cocas<\/span><\/a><\/li><li id=\"menu-item-40034\" class=\"menu-item menu-item-type-custom menu-item-object-custom menu-item-40034\"><a href=\"https:\/\/lapastisseriabarcelona.com\/es\/sant-joan-2025\/#coques-fullada\"><span>Cocas Hojaldre<\/span><\/a><\/li><\/ul><\/nav>\t\t<\/div>\n\t\t\t\t<\/div>\n\t\t\t\t\t<\/div>\n\t\t<\/div>\n\t\t\t\t\t<\/div>\n\t\t<\/section>\n\t\t\t\t<section class=\"elementor-section elementor-top-section elementor-element elementor-element-0191bd6 elementor-section-boxed elementor-section-height-default elementor-section-height-default sc_fly_static\" data-id=\"0191bd6\" data-element_type=\"section\" data-settings=\"{&quot;background_background&quot;:&quot;classic&quot;}\">\n\t\t\t\t\t\t\t<div class=\"elementor-background-overlay\"><\/div>\n\t\t\t\t\t\t\t<div class=\"elementor-container elementor-column-gap-extended\">\n\t\t\t\t\t<div class=\"elementor-column elementor-col-100 elementor-top-column elementor-element elementor-element-bb8d9a9 sc_inner_width_none sc_content_align_inherit sc_layouts_column_icons_position_left sc_fly_static\" data-id=\"bb8d9a9\" data-element_type=\"column\" data-settings=\"{&quot;background_background&quot;:&quot;classic&quot;}\">\n\t\t\t<div class=\"elementor-widget-wrap elementor-element-populated\">\n\t\t\t\t\t\t<div class=\"elementor-element elementor-element-bd84503 sc_fly_static elementor-widget elementor-widget-menu-anchor\" data-id=\"bd84503\" data-element_type=\"widget\" data-widget_type=\"menu-anchor.default\">\n\t\t\t\t<div class=\"elementor-widget-container\">\n\t\t\t\t\t<div class=\"elementor-menu-anchor\" id=\"coques-brioix\"><\/div>\n\t\t\t\t<\/div>\n\t\t\t\t<\/div>\n\t\t\t\t<div class=\"elementor-element elementor-element-b3f5ed9 sc_height_huge sc_fly_static elementor-widget elementor-widget-spacer\" data-id=\"b3f5ed9\" data-element_type=\"widget\" data-widget_type=\"spacer.default\">\n\t\t\t\t<div class=\"elementor-widget-container\">\n\t\t\t\t\t<div class=\"elementor-spacer\">\n\t\t\t<div class=\"elementor-spacer-inner\"><\/div>\n\t\t<\/div>\n\t\t\t\t<\/div>\n\t\t\t\t<\/div>\n\t\t\t\t<div class=\"elementor-element elementor-element-19d799c sc_fly_static elementor-widget elementor-widget-heading\" data-id=\"19d799c\" data-element_type=\"widget\" data-widget_type=\"heading.default\">\n\t\t\t\t<div class=\"elementor-widget-container\">\n\t\t\t<h3 class=\"elementor-heading-title elementor-size-default\">Cocas<\/h3>\t\t<\/div>\n\t\t\t\t<\/div>\n\t\t\t\t<div class=\"elementor-element elementor-element-3e3ff8f sc_fly_static elementor-widget elementor-widget-spacer\" data-id=\"3e3ff8f\" data-element_type=\"widget\" data-widget_type=\"spacer.default\">\n\t\t\t\t<div class=\"elementor-widget-container\">\n\t\t\t\t\t<div class=\"elementor-spacer\">\n\t\t\t<div class=\"elementor-spacer-inner\"><\/div>\n\t\t<\/div>\n\t\t\t\t<\/div>\n\t\t\t\t<\/div>\n\t\t\t\t<div class=\"elementor-element elementor-element-41b3788 sc_fly_static elementor-widget elementor-widget-menu-anchor\" data-id=\"41b3788\" data-element_type=\"widget\" data-widget_type=\"menu-anchor.default\">\n\t\t\t\t<div class=\"elementor-widget-container\">\n\t\t\t\t\t<div class=\"elementor-menu-anchor\" id=\"coques-fullada\"><\/div>\n\t\t\t\t<\/div>\n\t\t\t\t<\/div>\n\t\t\t\t<div class=\"elementor-element elementor-element-954b59c sc_height_huge sc_fly_static elementor-widget elementor-widget-spacer\" data-id=\"954b59c\" data-element_type=\"widget\" data-widget_type=\"spacer.default\">\n\t\t\t\t<div class=\"elementor-widget-container\">\n\t\t\t\t\t<div class=\"elementor-spacer\">\n\t\t\t<div class=\"elementor-spacer-inner\"><\/div>\n\t\t<\/div>\n\t\t\t\t<\/div>\n\t\t\t\t<\/div>\n\t\t\t\t<div class=\"elementor-element elementor-element-bd60e8c sc_fly_static elementor-widget elementor-widget-heading\" data-id=\"bd60e8c\" data-element_type=\"widget\" data-widget_type=\"heading.default\">\n\t\t\t\t<div class=\"elementor-widget-container\">\n\t\t\t<h3 class=\"elementor-heading-title elementor-size-default\">Cocas de Hojaldre<\/h3>\t\t<\/div>\n\t\t\t\t<\/div>\n\t\t\t\t<div class=\"elementor-element elementor-element-b6e290e sc_fly_static elementor-widget elementor-widget-spacer\" data-id=\"b6e290e\" data-element_type=\"widget\" data-widget_type=\"spacer.default\">\n\t\t\t\t<div class=\"elementor-widget-container\">\n\t\t\t\t\t<div class=\"elementor-spacer\">\n\t\t\t<div class=\"elementor-spacer-inner\"><\/div>\n\t\t<\/div>\n\t\t\t\t<\/div>\n\t\t\t\t<\/div>\n\t\t\t\t<div class=\"elementor-element elementor-element-1a9690f sc_height_huge sc_fly_static elementor-widget elementor-widget-spacer\" data-id=\"1a9690f\" data-element_type=\"widget\" data-widget_type=\"spacer.default\">\n\t\t\t\t<div class=\"elementor-widget-container\">\n\t\t\t\t\t<div class=\"elementor-spacer\">\n\t\t\t<div class=\"elementor-spacer-inner\"><\/div>\n\t\t<\/div>\n\t\t\t\t<\/div>\n\t\t\t\t<\/div>\n\t\t\t\t\t<\/div>\n\t\t<\/div>\n\t\t\t\t\t<\/div>\n\t\t<\/section>\n\t\t\t\t<section class=\"elementor-section elementor-top-section elementor-element elementor-element-2af6344 scheme_dark sc_bg_mask_3 elementor-section-boxed elementor-section-height-default elementor-section-height-default sc_fly_static\" data-id=\"2af6344\" data-element_type=\"section\" data-settings=\"{&quot;background_background&quot;:&quot;classic&quot;}\">\n\t\t\t\t\t\t\t<div class=\"elementor-background-overlay\"><\/div>\n\t\t\t\t\t\t\t<div class=\"elementor-container elementor-column-gap-extended\">\n\t\t\t\t\t<div class=\"elementor-column elementor-col-100 elementor-top-column elementor-element elementor-element-11cac9b sc_content_align_center sc_inner_width_none sc_layouts_column_icons_position_left sc_fly_static\" data-id=\"11cac9b\" data-element_type=\"column\">\n\t\t\t<div class=\"elementor-widget-wrap elementor-element-populated\">\n\t\t\t\t\t\t<div class=\"elementor-element elementor-element-67abe8b sc_fly_static elementor-widget elementor-widget-spacer\" data-id=\"67abe8b\" data-element_type=\"widget\" data-widget_type=\"spacer.default\">\n\t\t\t\t<div class=\"elementor-widget-container\">\n\t\t\t\t\t<div class=\"elementor-spacer\">\n\t\t\t<div class=\"elementor-spacer-inner\"><\/div>\n\t\t<\/div>\n\t\t\t\t<\/div>\n\t\t\t\t<\/div>\n\t\t\t\t<div class=\"elementor-element elementor-element-2c2c1cb elementor-widget__width-initial sc_fly_static elementor-widget elementor-widget-trx_sc_title\" data-id=\"2c2c1cb\" data-element_type=\"widget\" data-widget_type=\"trx_sc_title.default\">\n\t\t\t\t<div class=\"elementor-widget-container\">\n\t\t\t<div\t\tclass=\"sc_title color_style_dark sc_title_default\" ><span class=\"sc_item_subtitle sc_title_subtitle sc_align_center sc_item_subtitle_above sc_item_title_style_default\">ESPECIAL SANT JOAN<\/span><h2 class=\"sc_item_title sc_title_title sc_align_center sc_item_title_style_default sc_item_title_tag sc_typed\"\n\t\t\t><span class=\"sc_item_title_text\">La selecci\u00f3n especial del campe\u00f3n del mundo de pasteler\u00eda, Josep Maria Rodr\u00edguez, para celebrar Sant Joan.<\/span><\/h2><\/div>\t\t<\/div>\n\t\t\t\t<\/div>\n\t\t\t\t<div class=\"elementor-element elementor-element-ebdb6d4 sc_fly_static elementor-widget elementor-widget-spacer\" data-id=\"ebdb6d4\" data-element_type=\"widget\" data-widget_type=\"spacer.default\">\n\t\t\t\t<div class=\"elementor-widget-container\">\n\t\t\t\t\t<div class=\"elementor-spacer\">\n\t\t\t<div class=\"elementor-spacer-inner\"><\/div>\n\t\t<\/div>\n\t\t\t\t<\/div>\n\t\t\t\t<\/div>\n\t\t\t\t\t<\/div>\n\t\t<\/div>\n\t\t\t\t\t<\/div>\n\t\t<\/section>\n\t\t\t\t<\/div>\n\t\t","protected":false},"excerpt":{"rendered":"<p>Cocas Cocas Hojaldre Cocas Cocas de Hojaldre ESPECIAL SANT JOAN La selecci\u00f3n especial del campe\u00f3n del mundo de pasteler\u00eda, Josep Maria Rodr\u00edguez, para celebrar Sant Joan.<\/p>\n","protected":false},"author":9,"featured_media":0,"parent":0,"menu_order":0,"comment_status":"closed","ping_status":"closed","template":"","meta":{"_joinchat":[],"footnotes":""},"class_list":["post-40031","page","type-page","status-publish","hentry"],"acf":[],"aioseo_notices":[],"_links":{"self":[{"href":"https:\/\/lapastisseriabarcelona.com\/es\/wp-json\/wp\/v2\/pages\/40031","targetHints":{"allow":["GET"]}}],"collection":[{"href":"https:\/\/lapastisseriabarcelona.com\/es\/wp-json\/wp\/v2\/pages"}],"about":[{"href":"https:\/\/lapastisseriabarcelona.com\/es\/wp-json\/wp\/v2\/types\/page"}],"author":[{"embeddable":true,"href":"https:\/\/lapastisseriabarcelona.com\/es\/wp-json\/wp\/v2\/users\/9"}],"replies":[{"embeddable":true,"href":"https:\/\/lapastisseriabarcelona.com\/es\/wp-json\/wp\/v2\/comments?post=40031"}],"version-history":[{"count":4,"href":"https:\/\/lapastisseriabarcelona.com\/es\/wp-json\/wp\/v2\/pages\/40031\/revisions"}],"predecessor-version":[{"id":40038,"href":"https:\/\/lapastisseriabarcelona.com\/es\/wp-json\/wp\/v2\/pages\/40031\/revisions\/40038"}],"wp:attachment":[{"href":"https:\/\/lapastisseriabarcelona.com\/es\/wp-json\/wp\/v2\/media?parent=40031"}],"curies":[{"name":"wp","href":"https:\/\/api.w.org\/{rel}","templated":true}]}}