{"id":34583,"date":"2024-07-22T15:13:39","date_gmt":"2024-07-22T15:13:39","guid":{"rendered":"https:\/\/lapastisseriabarcelona.com\/?post_type=product&#038;p=34583"},"modified":"2024-08-21T15:20:49","modified_gmt":"2024-08-21T15:20:49","slug":"delicious-experience","status":"publish","type":"product","link":"https:\/\/lapastisseriabarcelona.com\/es\/producto\/delicious-experience\/","title":{"rendered":"Delicious Experience"},"content":{"rendered":"","protected":false},"excerpt":{"rendered":"<p>De la m\u00e0 dels seus fundadors, Josep Maria Rodr\u00edguez Guerola, Campi\u00f3 del M\u00f3n de Pastisseria 2011, i l\u2019Ana Jarqu\u00edn, Pastissera Revelaci\u00f3 2019.<\/p>\n<p>Tindreu l\u2019oportunitat de participar en la degustaci\u00f3 d\u2019una selecci\u00f3 exquisida dels cl\u00e0ssics i les \u00faltimes novetats en exclusiva de \u201cLa Pastisseria Barcelona\u201d. A m\u00e9s, podreu con\u00e8ixer de prop la nova imatge i l\u2019interior de La Pastisseria que just estrenem aquest setembre, amb la nostra hist\u00f2ria i tradici\u00f3, descobrint les an\u00e8cdotes dels \u00faltims m\u00e9s de deu anys de l\u2019obrador i els secrets dels nostres best seller.<\/p>\n","protected":false},"featured_media":34742,"template":"","meta":{"_joinchat":[]},"product_brand":[],"product_cat":[21],"product_tag":[],"class_list":{"0":"post-34583","1":"product","2":"type-product","3":"status-publish","4":"has-post-thumbnail","6":"product_cat-uncategorized","8":"first","9":"outofstock","10":"shipping-taxable","11":"purchasable","12":"product-type-simple"},"acf":[],"aioseo_notices":[],"_links":{"self":[{"href":"https:\/\/lapastisseriabarcelona.com\/es\/wp-json\/wp\/v2\/product\/34583","targetHints":{"allow":["GET"]}}],"collection":[{"href":"https:\/\/lapastisseriabarcelona.com\/es\/wp-json\/wp\/v2\/product"}],"about":[{"href":"https:\/\/lapastisseriabarcelona.com\/es\/wp-json\/wp\/v2\/types\/product"}],"wp:featuredmedia":[{"embeddable":true,"href":"https:\/\/lapastisseriabarcelona.com\/es\/wp-json\/wp\/v2\/media\/34742"}],"wp:attachment":[{"href":"https:\/\/lapastisseriabarcelona.com\/es\/wp-json\/wp\/v2\/media?parent=34583"}],"wp:term":[{"taxonomy":"product_brand","embeddable":true,"href":"https:\/\/lapastisseriabarcelona.com\/es\/wp-json\/wp\/v2\/product_brand?post=34583"},{"taxonomy":"product_cat","embeddable":true,"href":"https:\/\/lapastisseriabarcelona.com\/es\/wp-json\/wp\/v2\/product_cat?post=34583"},{"taxonomy":"product_tag","embeddable":true,"href":"https:\/\/lapastisseriabarcelona.com\/es\/wp-json\/wp\/v2\/product_tag?post=34583"}],"curies":[{"name":"wp","href":"https:\/\/api.w.org\/{rel}","templated":true}]}}