{"id":35293,"date":"2024-09-04T14:24:40","date_gmt":"2024-09-04T14:24:40","guid":{"rendered":"https:\/\/lapastisseriabarcelona.com\/?post_type=product&#038;p=35293"},"modified":"2026-01-03T11:51:19","modified_gmt":"2026-01-03T11:51:19","slug":"llima-llimona","status":"publish","type":"product","link":"https:\/\/lapastisseriabarcelona.com\/es\/producto\/llima-llimona\/","title":{"rendered":"Llima-Llimona"},"content":{"rendered":"","protected":false},"excerpt":{"rendered":"<p>Mousse de lim\u00f3n, crema de lim\u00f3n con trozos de piel de lim\u00f3n confitado, bizcocho tierno de albahaca y base crujiente de almendra.<\/p>\n","protected":false},"featured_media":38548,"template":"","meta":{"_joinchat":[]},"product_brand":[],"product_cat":[167],"product_tag":[],"class_list":{"0":"post-35293","1":"product","2":"type-product","3":"status-publish","4":"has-post-thumbnail","6":"product_cat-pasteles","8":"first","9":"outofstock","10":"shipping-taxable","11":"purchasable","12":"product-type-simple"},"acf":[],"aioseo_notices":[],"_links":{"self":[{"href":"https:\/\/lapastisseriabarcelona.com\/es\/wp-json\/wp\/v2\/product\/35293","targetHints":{"allow":["GET"]}}],"collection":[{"href":"https:\/\/lapastisseriabarcelona.com\/es\/wp-json\/wp\/v2\/product"}],"about":[{"href":"https:\/\/lapastisseriabarcelona.com\/es\/wp-json\/wp\/v2\/types\/product"}],"wp:featuredmedia":[{"embeddable":true,"href":"https:\/\/lapastisseriabarcelona.com\/es\/wp-json\/wp\/v2\/media\/38548"}],"wp:attachment":[{"href":"https:\/\/lapastisseriabarcelona.com\/es\/wp-json\/wp\/v2\/media?parent=35293"}],"wp:term":[{"taxonomy":"product_brand","embeddable":true,"href":"https:\/\/lapastisseriabarcelona.com\/es\/wp-json\/wp\/v2\/product_brand?post=35293"},{"taxonomy":"product_cat","embeddable":true,"href":"https:\/\/lapastisseriabarcelona.com\/es\/wp-json\/wp\/v2\/product_cat?post=35293"},{"taxonomy":"product_tag","embeddable":true,"href":"https:\/\/lapastisseriabarcelona.com\/es\/wp-json\/wp\/v2\/product_tag?post=35293"}],"curies":[{"name":"wp","href":"https:\/\/api.w.org\/{rel}","templated":true}]}}