{"id":36653,"date":"2024-11-22T16:57:31","date_gmt":"2024-11-22T16:57:31","guid":{"rendered":"https:\/\/lapastisseriabarcelona.com\/?post_type=product&#038;p=36653"},"modified":"2026-02-26T15:59:15","modified_gmt":"2026-02-26T15:59:15","slug":"vainilla-macadamia","status":"publish","type":"product","link":"https:\/\/lapastisseriabarcelona.com\/es\/producto\/vainilla-macadamia\/","title":{"rendered":"Vainilla-Macadamia"},"content":{"rendered":"","protected":false},"excerpt":{"rendered":"<p>Mousse de vainilla, crujiente de macadamia caramelizada, base de bizcocho tierno de almendra.<\/p>\n<style>\n        .info-box {<br \/>\n            font-size: 14px;<br \/>\n            color: #010101;<br \/>\n            background: #d8d8d7;<br \/>\n            padding: 10px;<br \/>\n            border-radius: 5px;<br \/>\n            max-width: 400px;<br \/>\n        }<br \/>\n        .info-box b { font-weight: bold; }<br \/>\n        .info-box i { font-style: italic; }<br \/>\n    <\/style>\n<p>&nbsp;<\/p>\n<div class=\"info-box\"><b>Informaci\u00f3n importante:<\/b><br \/>\nTodos los productos de la Pastisseria Barcelona son 100% artesanales. Por este motivo, si a\u00f1ades al carrito de la compra distintos productos, la fecha de recogida puede variar seg\u00fan su disponibilidad.<\/p>\n<p><i>* Si quieres comprar un producto en Navidad y otro en Reyes o A\u00f1o Nuevo, te recomendamos hacer los pedidos por separado. As\u00ed asegurar\u00e1s que est\u00e9n disponibles a tiempo.<\/i><\/div>\n<p>&nbsp;<\/p>\n","protected":false},"featured_media":40873,"template":"","meta":{"_joinchat":[]},"product_brand":[],"product_cat":[147,346,119],"product_tag":[],"class_list":{"0":"post-36653","1":"product","2":"type-product","3":"status-publish","4":"has-post-thumbnail","6":"product_cat-individuales","7":"product_cat-nadal-es","8":"product_cat-individuales-navidad","10":"first","11":"outofstock","12":"shipping-taxable","13":"purchasable","14":"product-type-simple"},"acf":[],"aioseo_notices":[],"_links":{"self":[{"href":"https:\/\/lapastisseriabarcelona.com\/es\/wp-json\/wp\/v2\/product\/36653","targetHints":{"allow":["GET"]}}],"collection":[{"href":"https:\/\/lapastisseriabarcelona.com\/es\/wp-json\/wp\/v2\/product"}],"about":[{"href":"https:\/\/lapastisseriabarcelona.com\/es\/wp-json\/wp\/v2\/types\/product"}],"wp:featuredmedia":[{"embeddable":true,"href":"https:\/\/lapastisseriabarcelona.com\/es\/wp-json\/wp\/v2\/media\/40873"}],"wp:attachment":[{"href":"https:\/\/lapastisseriabarcelona.com\/es\/wp-json\/wp\/v2\/media?parent=36653"}],"wp:term":[{"taxonomy":"product_brand","embeddable":true,"href":"https:\/\/lapastisseriabarcelona.com\/es\/wp-json\/wp\/v2\/product_brand?post=36653"},{"taxonomy":"product_cat","embeddable":true,"href":"https:\/\/lapastisseriabarcelona.com\/es\/wp-json\/wp\/v2\/product_cat?post=36653"},{"taxonomy":"product_tag","embeddable":true,"href":"https:\/\/lapastisseriabarcelona.com\/es\/wp-json\/wp\/v2\/product_tag?post=36653"}],"curies":[{"name":"wp","href":"https:\/\/api.w.org\/{rel}","templated":true}]}}