{"id":36676,"date":"2024-11-22T16:07:53","date_gmt":"2024-11-22T16:07:53","guid":{"rendered":"https:\/\/lapastisseriabarcelona.com\/?post_type=product&#038;p=36676"},"modified":"2026-03-05T16:14:16","modified_gmt":"2026-03-05T16:14:16","slug":"nyam-nyam","status":"publish","type":"product","link":"https:\/\/lapastisseriabarcelona.com\/es\/producto\/nyam-nyam\/","title":{"rendered":"Nyam-Nyam"},"content":{"rendered":"","protected":false},"excerpt":{"rendered":"<p>De avellana con caf\u00e9 crujiente y chocolate con leche.<br \/>\n<head><\/p>\n<style>\n        .info-box {\n            font-size: 14px;\n            color: #010101;\n            background: #d8d8d7;\n            padding: 10px;\n            border-radius: 5px;\n            max-width: 400px;\n        }\n        .info-box b { font-weight: bold; }\n        .info-box i { font-style: italic; }\n    <\/style>\n<p><\/head><br \/>\n<body><\/p>\n<div class=\"info-box\">\n        <b>Informaci\u00f3n importante:<\/b><br \/>\n        Todos los productos de la Pastisseria Barcelona son 100% artesanales. Por este motivo, si a\u00f1ades al carrito de la compra distintos productos, la fecha de recogida puede variar seg\u00fan su disponibilidad.<\/p>\n<p>        <i>* Si quieres comprar un producto en Navidad y otro en Reyes o A\u00f1o Nuevo, te recomendamos hacer los pedidos por separado. As\u00ed asegurar\u00e1s que est\u00e9n disponibles a tiempo.<\/i>\n    <\/div>\n<p><\/body><\/p>\n","protected":false},"featured_media":36398,"template":"","meta":{"_joinchat":[]},"product_brand":[],"product_cat":[346,125,349],"product_tag":[],"class_list":{"0":"post-36676","1":"product","2":"type-product","3":"status-publish","4":"has-post-thumbnail","6":"product_cat-nadal-es","7":"product_cat-turrones","8":"product_cat-praline-es","10":"first","11":"outofstock","12":"shipping-taxable","13":"purchasable","14":"product-type-simple"},"acf":[],"aioseo_notices":[],"_links":{"self":[{"href":"https:\/\/lapastisseriabarcelona.com\/es\/wp-json\/wp\/v2\/product\/36676","targetHints":{"allow":["GET"]}}],"collection":[{"href":"https:\/\/lapastisseriabarcelona.com\/es\/wp-json\/wp\/v2\/product"}],"about":[{"href":"https:\/\/lapastisseriabarcelona.com\/es\/wp-json\/wp\/v2\/types\/product"}],"wp:featuredmedia":[{"embeddable":true,"href":"https:\/\/lapastisseriabarcelona.com\/es\/wp-json\/wp\/v2\/media\/36398"}],"wp:attachment":[{"href":"https:\/\/lapastisseriabarcelona.com\/es\/wp-json\/wp\/v2\/media?parent=36676"}],"wp:term":[{"taxonomy":"product_brand","embeddable":true,"href":"https:\/\/lapastisseriabarcelona.com\/es\/wp-json\/wp\/v2\/product_brand?post=36676"},{"taxonomy":"product_cat","embeddable":true,"href":"https:\/\/lapastisseriabarcelona.com\/es\/wp-json\/wp\/v2\/product_cat?post=36676"},{"taxonomy":"product_tag","embeddable":true,"href":"https:\/\/lapastisseriabarcelona.com\/es\/wp-json\/wp\/v2\/product_tag?post=36676"}],"curies":[{"name":"wp","href":"https:\/\/api.w.org\/{rel}","templated":true}]}}