{"id":37105,"date":"2024-12-13T14:23:04","date_gmt":"2024-12-13T14:23:04","guid":{"rendered":"https:\/\/lapastisseriabarcelona.com\/?post_type=product&#038;p=37105"},"modified":"2025-01-15T08:11:43","modified_gmt":"2025-01-15T08:11:43","slug":"sweet-brunch","status":"publish","type":"product","link":"https:\/\/lapastisseriabarcelona.com\/es\/producto\/sweet-brunch\/","title":{"rendered":"Sweet Brunch \u00b7 Delicious Experience"},"content":{"rendered":"","protected":false},"excerpt":{"rendered":"<h3>*Precio para 2 Personas<\/h3>\n<p>Vive una experiencia \u00fanica de la mano de <strong>Josep Maria Rodr\u00edguez Guerola<\/strong>, Campe\u00f3n del Mundo de Pasteler\u00eda 2011, y <strong>Ana Jarqu\u00edn<\/strong>, Pastelera Revelaci\u00f3n 2019.<\/p>\n<p>Incluye una selecci\u00f3n de delicias artesanas acompa\u00f1adas de caf\u00e9, cava y una degustaci\u00f3n exclusiva de Petit Fours. Adem\u00e1s, tendr\u00e1s la oportunidad de conocer de cerca el proceso artesanal durante una visita guiada al obrador.<\/p>\n<p>\ud83d\udcc5 <strong>Jueves, 23 de enero<\/strong><br \/>\n\ud83d\udd5a <strong>Horario:<\/strong> 11:30 h &#8211; 14:00 h<br \/>\n\ud83d\udccd <strong>Espacio especial<\/strong> (en la zona m\u00e1s intima de la tienda).<br \/>\n\u2728 <strong>Experiencia para compartir m\u00ednimo 2 personas. Plazas limitadas<\/strong><\/p>\n<div class=\"elementor-widget-container\" style=\"border: 0px solid #ddd; border-radius: 5px; margin-top: 20px; padding: 10px;\"><button style=\"width: 100%; text-align: left; background-color: #f4f4f4; border: none; font-size: 16px; font-weight: bold; padding: 10px; cursor: pointer; outline: none; border-radius: 5px;\" type=\"button\"><br \/>\n\u25b6 Haz click y descubre toda la Informaci\u00f3n<br \/>\n<\/button><\/p>\n<div id=\"accordionContent\" style=\"display: none; margin-top: 10px;\">\n<ul style=\"padding-left: 20px; list-style-type: disc;\">\n<li>C\u00f3ctel sin alcohol de frambuesa y lim\u00f3n.<\/li>\n<li>Bun and roll salado (sin huevos).<\/li>\n<li>Mantequilla de vainilla.<\/li>\n<li>Mermelada de mango y pasi\u00f3n y mermelada de frambuesa.<\/li>\n<li>Mini croissant de mantequilla y mini pain au chocolat.<\/li>\n<li>Caf\u00e9 al gusto, agua y copa de cava con una degustaci\u00f3n de Petit Fours exclusivos.<\/li>\n<li>Visita guiada al Obrador para conocer de cerca el proceso artesanal.<\/li>\n<\/ul>\n<div style=\"margin-top: 20px;\"><strong>Regala una experiencia inolvidable:<\/strong>Puedes pasar por la tienda para recoger tu<br \/>\n<strong>tarjeta regalo personalizada y lista para entregar<\/strong>, selecciona en el proceso de compra el d\u00eda de recogida.<\/div>\n<div style=\"margin-top: 20px;\">\n<p><strong>Formato del Evento:<\/strong>El evento se realizar\u00e1 dentro de la tienda, en un espacio especial habilitado para ello. Ser\u00e1 durante nuestro horario laboral habitual, por lo que la tienda continuar\u00e1 funcionando con normalidad.<\/p>\n<\/div>\n<div style=\"margin-top: 20px;\">\n<p><strong>Promoci\u00f3n especial:<\/strong>Descuentos exclusivos disponibles para los asistentes el d\u00eda del evento.<\/p>\n<\/div>\n<\/div>\n<\/div>\n<p><script>\n    function toggleAccordion() {\n        const content = document.getElementById('accordionContent');\n        if (content.style.display === \"none\" || content.style.display === \"\") {\n            content.style.display = \"block\";\n        } else {\n            content.style.display = \"none\";\n        }\n    }\n<\/script><\/p>\n","protected":false},"featured_media":37545,"template":"","meta":{"_joinchat":[]},"product_brand":[],"product_cat":[361],"product_tag":[],"class_list":{"0":"post-37105","1":"product","2":"type-product","3":"status-publish","4":"has-post-thumbnail","6":"product_cat-delicious-experience","8":"first","9":"outofstock","10":"shipping-taxable","11":"purchasable","12":"product-type-simple"},"acf":[],"aioseo_notices":[],"_links":{"self":[{"href":"https:\/\/lapastisseriabarcelona.com\/es\/wp-json\/wp\/v2\/product\/37105","targetHints":{"allow":["GET"]}}],"collection":[{"href":"https:\/\/lapastisseriabarcelona.com\/es\/wp-json\/wp\/v2\/product"}],"about":[{"href":"https:\/\/lapastisseriabarcelona.com\/es\/wp-json\/wp\/v2\/types\/product"}],"wp:featuredmedia":[{"embeddable":true,"href":"https:\/\/lapastisseriabarcelona.com\/es\/wp-json\/wp\/v2\/media\/37545"}],"wp:attachment":[{"href":"https:\/\/lapastisseriabarcelona.com\/es\/wp-json\/wp\/v2\/media?parent=37105"}],"wp:term":[{"taxonomy":"product_brand","embeddable":true,"href":"https:\/\/lapastisseriabarcelona.com\/es\/wp-json\/wp\/v2\/product_brand?post=37105"},{"taxonomy":"product_cat","embeddable":true,"href":"https:\/\/lapastisseriabarcelona.com\/es\/wp-json\/wp\/v2\/product_cat?post=37105"},{"taxonomy":"product_tag","embeddable":true,"href":"https:\/\/lapastisseriabarcelona.com\/es\/wp-json\/wp\/v2\/product_tag?post=37105"}],"curies":[{"name":"wp","href":"https:\/\/api.w.org\/{rel}","templated":true}]}}