{"id":37137,"date":"2024-12-15T17:15:24","date_gmt":"2024-12-15T17:15:24","guid":{"rendered":"https:\/\/lapastisseriabarcelona.com\/?post_type=product&#038;p=37137"},"modified":"2025-01-20T13:00:37","modified_gmt":"2025-01-20T13:00:37","slug":"winter-experience","status":"publish","type":"product","link":"https:\/\/lapastisseriabarcelona.com\/es\/producto\/winter-experience\/","title":{"rendered":"Winter Experience \u00b7 Delicious Experience"},"content":{"rendered":"","protected":false},"excerpt":{"rendered":"<h3>*Precio para 2 Personas<\/h3>\n<p><strong>Vive la &#8220;Winter Experience&#8221; por solo 55\u20ac \/ precio por persona (formato para 2 personas)<\/strong><\/p>\n<p>D\u00e9jate envolver por una experiencia culinaria \u00fanica: disfruta de cuatro postres exclusivos, cuidadosamente elaborados y terminados en tu mesa por los reconocidos maestros pasteleros <strong>Josep Maria Rodr\u00edguez Guerola<\/strong>, Campe\u00f3n del Mundo de Pasteler\u00eda 2011, y <strong>Ana Jarqu\u00edn<\/strong>, Pastelera Revelaci\u00f3n 2019. Acompa\u00f1a este momento con una copa de cava mientras saboreas cada creaci\u00f3n. Como cierre especial, ad\u00e9ntrate en el arte de la pasteler\u00eda con una visita guiada al Obrador, donde descubrir\u00e1s los secretos del proceso artesanal.<\/p>\n<p>\ud83d\udcc5 <strong>Martes, 21 de enero<\/strong><br \/>\n\ud83d\udd5a <strong>Horario:<\/strong> 18:30 h &#8211; 20:30 h<br \/>\n\ud83d\udccd <strong>Espacio especial<\/strong> (en la zona m\u00e1s \u00edntima de la tienda).<br \/>\n\u2728 <strong>Experiencia exclusiva para compartir, m\u00ednimo 2 personas. Plazas limitadas.<\/strong><\/p>\n<div class=\"elementor-widget-container\" style=\"border: 0px solid #ddd; border-radius: 5px; margin-top: 20px; padding: 10px;\"><button style=\"width: 100%; text-align: left; background-color: #f4f4f4; border: none; font-size: 16px; font-weight: bold; padding: 10px; cursor: pointer; outline: none; border-radius: 5px;\" type=\"button\"><br \/>\n\u25b6 Haz click y descubre toda la Informaci\u00f3n<br \/>\n<\/button><\/p>\n<div id=\"accordionContent\" style=\"display: none; margin-top: 10px;\">\n<ul style=\"padding-left: 20px; list-style-type: disc;\">\n<li>Visita al Obrador con explicaci\u00f3n del proceso artesanal.<\/li>\n<li>Copa de cava incluida durante la experiencia.<\/li>\n<li>4 degustaciones de postres exclusivos dise\u00f1ados y acabados en mesa por Josep Maria y Ana.<\/li>\n<\/ul>\n<div style=\"margin-top: 20px;\"><strong>Regala una experiencia inolvidable:<\/strong>Puedes pasar por la tienda para recoger tu<br \/>\n<strong>tarjeta regalo personalizada y lista para entregar<\/strong>, selecciona en el proceso de compra el d\u00eda de recogida.<\/div>\n<div style=\"margin-top: 20px;\">\n<p><strong>Formato del Evento:<\/strong>El evento se realizar\u00e1 dentro de la tienda, en un espacio especial habilitado para ello. Ser\u00e1 durante nuestro horario laboral habitual, por lo que la tienda continuar\u00e1 funcionando con normalidad.<\/p>\n<\/div>\n<div style=\"margin-top: 20px;\">\n<p><strong>Promoci\u00f3n especial:<\/strong>Descuentos exclusivos disponibles para los asistentes el d\u00eda del evento.<\/p>\n<\/div>\n<\/div>\n<\/div>\n<p><script>\n    function toggleAccordion() {\n        const content = document.getElementById('accordionContent');\n        if (content.style.display === \"none\" || content.style.display === \"\") {\n            content.style.display = \"block\";\n        } else {\n            content.style.display = \"none\";\n        }\n    }\n<\/script><\/p>\n","protected":false},"featured_media":37547,"template":"","meta":{"_joinchat":[]},"product_brand":[],"product_cat":[361],"product_tag":[],"class_list":{"0":"post-37137","1":"product","2":"type-product","3":"status-publish","4":"has-post-thumbnail","6":"product_cat-delicious-experience","8":"first","9":"outofstock","10":"shipping-taxable","11":"purchasable","12":"product-type-simple"},"acf":[],"aioseo_notices":[],"_links":{"self":[{"href":"https:\/\/lapastisseriabarcelona.com\/es\/wp-json\/wp\/v2\/product\/37137","targetHints":{"allow":["GET"]}}],"collection":[{"href":"https:\/\/lapastisseriabarcelona.com\/es\/wp-json\/wp\/v2\/product"}],"about":[{"href":"https:\/\/lapastisseriabarcelona.com\/es\/wp-json\/wp\/v2\/types\/product"}],"wp:featuredmedia":[{"embeddable":true,"href":"https:\/\/lapastisseriabarcelona.com\/es\/wp-json\/wp\/v2\/media\/37547"}],"wp:attachment":[{"href":"https:\/\/lapastisseriabarcelona.com\/es\/wp-json\/wp\/v2\/media?parent=37137"}],"wp:term":[{"taxonomy":"product_brand","embeddable":true,"href":"https:\/\/lapastisseriabarcelona.com\/es\/wp-json\/wp\/v2\/product_brand?post=37137"},{"taxonomy":"product_cat","embeddable":true,"href":"https:\/\/lapastisseriabarcelona.com\/es\/wp-json\/wp\/v2\/product_cat?post=37137"},{"taxonomy":"product_tag","embeddable":true,"href":"https:\/\/lapastisseriabarcelona.com\/es\/wp-json\/wp\/v2\/product_tag?post=37137"}],"curies":[{"name":"wp","href":"https:\/\/api.w.org\/{rel}","templated":true}]}}