{"id":39950,"date":"2025-05-13T06:29:37","date_gmt":"2025-05-13T06:29:37","guid":{"rendered":"https:\/\/lapastisseriabarcelona.com\/?post_type=product&#038;p=39950"},"modified":"2025-06-25T07:09:40","modified_gmt":"2025-06-25T07:09:40","slug":"coca-crema","status":"publish","type":"product","link":"https:\/\/lapastisseriabarcelona.com\/es\/producto\/coca-crema\/","title":{"rendered":"Crema"},"content":{"rendered":"","protected":false},"excerpt":{"rendered":"<p>Brioche con crema (piel de lim\u00f3n y canela), pi\u00f1ones y az\u00facar.<\/p>\n","protected":false},"featured_media":39951,"template":"","meta":{"_joinchat":[]},"product_brand":[],"product_cat":[157],"product_tag":[],"class_list":{"0":"post-39950","1":"product","2":"type-product","3":"status-publish","4":"has-post-thumbnail","6":"product_cat-brioche","8":"first","9":"outofstock","10":"shipping-taxable","11":"purchasable","12":"product-type-simple"},"acf":[],"aioseo_notices":[],"_links":{"self":[{"href":"https:\/\/lapastisseriabarcelona.com\/es\/wp-json\/wp\/v2\/product\/39950","targetHints":{"allow":["GET"]}}],"collection":[{"href":"https:\/\/lapastisseriabarcelona.com\/es\/wp-json\/wp\/v2\/product"}],"about":[{"href":"https:\/\/lapastisseriabarcelona.com\/es\/wp-json\/wp\/v2\/types\/product"}],"wp:featuredmedia":[{"embeddable":true,"href":"https:\/\/lapastisseriabarcelona.com\/es\/wp-json\/wp\/v2\/media\/39951"}],"wp:attachment":[{"href":"https:\/\/lapastisseriabarcelona.com\/es\/wp-json\/wp\/v2\/media?parent=39950"}],"wp:term":[{"taxonomy":"product_brand","embeddable":true,"href":"https:\/\/lapastisseriabarcelona.com\/es\/wp-json\/wp\/v2\/product_brand?post=39950"},{"taxonomy":"product_cat","embeddable":true,"href":"https:\/\/lapastisseriabarcelona.com\/es\/wp-json\/wp\/v2\/product_cat?post=39950"},{"taxonomy":"product_tag","embeddable":true,"href":"https:\/\/lapastisseriabarcelona.com\/es\/wp-json\/wp\/v2\/product_tag?post=39950"}],"curies":[{"name":"wp","href":"https:\/\/api.w.org\/{rel}","templated":true}]}}