{"id":42263,"date":"2026-02-25T17:06:09","date_gmt":"2026-02-25T17:06:09","guid":{"rendered":"https:\/\/lapastisseriabarcelona.com\/?post_type=product&#038;p=42263"},"modified":"2026-03-21T20:11:01","modified_gmt":"2026-03-21T20:11:01","slug":"cavallet-de-mar-xoco-blanca","status":"publish","type":"product","link":"https:\/\/lapastisseriabarcelona.com\/es\/producto\/cavallet-de-mar-xoco-blanca\/","title":{"rendered":"Cavallet de Mar Xoco blanca"},"content":{"rendered":"","protected":false},"excerpt":{"rendered":"<p data-start=\"49\" data-end=\"306\">Figura de Pascua elaborada con <strong data-start=\"80\" data-end=\"119\">chocolate blanco de alta calidad<\/strong>, con un dise\u00f1o en forma de caballito de mar. Una opci\u00f3n ideal para celebrar la tradici\u00f3n con un toque original y divertido.<\/p>\n<p data-start=\"308\" data-end=\"428\">\u2714 <strong data-start=\"310\" data-end=\"330\">Sin frutos secos y sin gluten<\/strong>, aunque puede contener trazas.<br data-start=\"361\" data-end=\"364\" \/>\u2714 Producto artesanal elaborado con ingredientes seleccionados. Cada Mona se hace a mano, por lo que puede haber <strong>peque\u00f1as variaciones en la forma o los acabados<\/strong>. Recomendamos <strong>transportarla con cuidado<\/strong> y evitar fuentes de calor o luz directa.<\/p>\n<p><em>(Medidas aproximadas: 25cm de altura, sobre base de chocolate 17x17cm \/ Peso Aproximado: 800gr \u2013 1kg)<\/em><\/p>\n","protected":false},"featured_media":42329,"template":"","meta":{"_joinchat":[]},"product_brand":[],"product_cat":[379],"product_tag":[413],"class_list":{"0":"post-42263","1":"product","2":"type-product","3":"status-publish","4":"has-post-thumbnail","6":"product_cat-monas-chocolate-blanco","7":"product_tag-pasqua-2026","9":"first","10":"outofstock","11":"shipping-taxable","12":"purchasable","13":"product-type-simple"},"acf":[],"aioseo_notices":[],"_links":{"self":[{"href":"https:\/\/lapastisseriabarcelona.com\/es\/wp-json\/wp\/v2\/product\/42263","targetHints":{"allow":["GET"]}}],"collection":[{"href":"https:\/\/lapastisseriabarcelona.com\/es\/wp-json\/wp\/v2\/product"}],"about":[{"href":"https:\/\/lapastisseriabarcelona.com\/es\/wp-json\/wp\/v2\/types\/product"}],"wp:featuredmedia":[{"embeddable":true,"href":"https:\/\/lapastisseriabarcelona.com\/es\/wp-json\/wp\/v2\/media\/42329"}],"wp:attachment":[{"href":"https:\/\/lapastisseriabarcelona.com\/es\/wp-json\/wp\/v2\/media?parent=42263"}],"wp:term":[{"taxonomy":"product_brand","embeddable":true,"href":"https:\/\/lapastisseriabarcelona.com\/es\/wp-json\/wp\/v2\/product_brand?post=42263"},{"taxonomy":"product_cat","embeddable":true,"href":"https:\/\/lapastisseriabarcelona.com\/es\/wp-json\/wp\/v2\/product_cat?post=42263"},{"taxonomy":"product_tag","embeddable":true,"href":"https:\/\/lapastisseriabarcelona.com\/es\/wp-json\/wp\/v2\/product_tag?post=42263"}],"curies":[{"name":"wp","href":"https:\/\/api.w.org\/{rel}","templated":true}]}}